{"id":1909,"date":"2022-11-30T10:50:39","date_gmt":"2022-11-30T15:50:39","guid":{"rendered":"https:\/\/www.gimsaber.edu.co\/en\/?page_id=1909"},"modified":"2022-12-12T07:59:10","modified_gmt":"2022-12-12T12:59:10","slug":"informacion-general","status":"publish","type":"page","link":"https:\/\/www.gimsaber.edu.co\/en\/informacion-general\/","title":{"rendered":"Informaci\u00f3n General"},"content":{"rendered":"\t\t<div data-elementor-type=\"wp-page\" data-elementor-id=\"1909\" class=\"elementor elementor-1909\">\n\t\t\t\t\t\t<section class=\"elementor-section elementor-top-section elementor-element elementor-element-afad01b elementor-section-boxed elementor-section-height-default elementor-section-height-default\" data-id=\"afad01b\" data-element_type=\"section\">\n\t\t\t\t\t\t<div class=\"elementor-container elementor-column-gap-default\">\n\t\t\t\t\t<section class=\"elementor-column elementor-col-100 elementor-top-column elementor-element elementor-element-3f8b189\" data-id=\"3f8b189\" data-element_type=\"column\">\n\t\t\t<div class=\"elementor-widget-wrap elementor-element-populated\">\n\t\t\t\t\t\t<div class=\"elementor-element elementor-element-684eea0 elementor-widget elementor-widget-slides\" data-id=\"684eea0\" data-element_type=\"widget\" data-widget_type=\"slides.default\">\n\t\t\t\t<div class=\"elementor-widget-container\">\n\t\t\t\t\t \t\t\t\t<\/div>\n\t\t\t\t<\/div>\n\t\t\t\t<div class=\"elementor-element elementor-element-80463d3 elementor-widget elementor-widget-text-editor\" data-id=\"80463d3\" data-element_type=\"widget\" data-widget_type=\"text-editor.default\">\n\t\t\t\t<div class=\"elementor-widget-container\">\n\t\t\t\t\t\t\t\t\t<p style=\"text-align: center;\"><span style=\"color: #2f7524; font-family: 'Source Sans Pro', system-ui, -apple-system, 'Segoe UI', Roboto, 'Helvetica Neue', Arial, 'Noto Sans', sans-serif, 'Apple Color Emoji', 'Segoe UI Emoji', 'Segoe UI Symbol', 'Noto Color Emoji'; text-align: left;\">Es una alegr\u00eda inmensa saludarlos y darles la bienvenida a nuestra instituci\u00f3n que a lo largo de 60 a\u00f1os de labor ha mantenido el compromiso con la formaci\u00f3n de las nuevas generaciones. Nos complace compartir con ustedes nuevas experiencias y espacios de aprendizaje que nos permitir\u00e1n formar a los profesionales del futuro, responsables con el medio ambiente y encargados de transformar su entorno. Tenemos retos importantes que afrontar en el mundo actual y los enfrentaremos con empe\u00f1o para mantener el liderazgo en nuestros procesos acad\u00e9micos, sin dejar de lado los valores y el desarrollo de competencias art\u00edsticas, deportivas, tecnol\u00f3gicas y sociales de nuestros estudiantes, que son nuestra raz\u00f3n de ser.<\/span><\/p>\t\t\t\t\t\t\t\t<\/div>\n\t\t\t\t<\/div>\n\t\t\t\t\t<\/div>\n\t\t<\/section>\n\t\t\t\t\t<\/div>\n\t\t<\/section>\n\t\t\t\t<section class=\"elementor-section elementor-top-section elementor-element elementor-element-f7377f5 elementor-section-boxed elementor-section-height-default elementor-section-height-default\" data-id=\"f7377f5\" data-element_type=\"section\">\n\t\t\t\t\t\t<div class=\"elementor-container elementor-column-gap-default\">\n\t\t\t\t\t<div class=\"elementor-column elementor-col-100 elementor-top-column elementor-element elementor-element-7d0e225\" data-id=\"7d0e225\" data-element_type=\"column\">\n\t\t\t<div class=\"elementor-widget-wrap elementor-element-populated\">\n\t\t\t\t\t\t<div class=\"elementor-element elementor-element-384e508 elementor-widget elementor-widget-image\" data-id=\"384e508\" data-element_type=\"widget\" data-widget_type=\"image.default\">\n\t\t\t\t<div class=\"elementor-widget-container\">\n\t\t\t\t\t\t\t\t\t\t\t\t\t\t\t<img fetchpriority=\"high\" decoding=\"async\" width=\"1024\" height=\"1017\" src=\"https:\/\/www.gimsaber.edu.co\/en\/wp-content\/uploads\/2022\/12\/imagen-infromativa-1_Mesa-de-trabajo-1-1024x1017.png\" class=\"attachment-large size-large wp-image-2792\" alt=\"\" srcset=\"https:\/\/www.gimsaber.edu.co\/en\/wp-content\/uploads\/2022\/12\/imagen-infromativa-1_Mesa-de-trabajo-1-1024x1017.png 1024w, https:\/\/www.gimsaber.edu.co\/en\/wp-content\/uploads\/2022\/12\/imagen-infromativa-1_Mesa-de-trabajo-1-300x298.png 300w, https:\/\/www.gimsaber.edu.co\/en\/wp-content\/uploads\/2022\/12\/imagen-infromativa-1_Mesa-de-trabajo-1-150x150.png 150w, https:\/\/www.gimsaber.edu.co\/en\/wp-content\/uploads\/2022\/12\/imagen-infromativa-1_Mesa-de-trabajo-1-768x763.png 768w, https:\/\/www.gimsaber.edu.co\/en\/wp-content\/uploads\/2022\/12\/imagen-infromativa-1_Mesa-de-trabajo-1-1536x1526.png 1536w, https:\/\/www.gimsaber.edu.co\/en\/wp-content\/uploads\/2022\/12\/imagen-infromativa-1_Mesa-de-trabajo-1-2048x2034.png 2048w, https:\/\/www.gimsaber.edu.co\/en\/wp-content\/uploads\/2022\/12\/imagen-infromativa-1_Mesa-de-trabajo-1-600x596.png 600w, https:\/\/www.gimsaber.edu.co\/en\/wp-content\/uploads\/2022\/12\/imagen-infromativa-1_Mesa-de-trabajo-1-100x100.png 100w\" sizes=\"(max-width: 1024px) 100vw, 1024px\" \/>\t\t\t\t\t\t\t\t\t\t\t\t\t\t\t<\/div>\n\t\t\t\t<\/div>\n\t\t\t\t<div class=\"elementor-element elementor-element-4076aaf elementor-widget elementor-widget-animated-headline\" data-id=\"4076aaf\" data-element_type=\"widget\" data-widget_type=\"animated-headline.default\">\n\t\t\t\t<div class=\"elementor-widget-container\">\n\t\t\t\t\t \t\t\t\t<\/div>\n\t\t\t\t<\/div>\n\t\t\t\t\t<\/div>\n\t\t<\/div>\n\t\t\t\t\t<\/div>\n\t\t<\/section>\n\t\t\t\t<section class=\"elementor-section elementor-top-section elementor-element elementor-element-2b380e7 elementor-section-boxed elementor-section-height-default elementor-section-height-default\" data-id=\"2b380e7\" data-element_type=\"section\">\n\t\t\t\t\t\t<div class=\"elementor-container elementor-column-gap-default\">\n\t\t\t\t\t<div class=\"elementor-column elementor-col-33 elementor-top-column elementor-element elementor-element-fccc238\" data-id=\"fccc238\" data-element_type=\"column\">\n\t\t\t<div class=\"elementor-widget-wrap elementor-element-populated\">\n\t\t\t\t\t\t<div class=\"elementor-element elementor-element-7410eb3 e-transform elementor-widget elementor-widget-flip-box\" data-id=\"7410eb3\" data-element_type=\"widget\" data-settings=\"{&quot;_transform_rotateZ_effect&quot;:{&quot;unit&quot;:&quot;px&quot;,&quot;size&quot;:&quot;&quot;,&quot;sizes&quot;:[]},&quot;_transform_rotateZ_effect_tablet&quot;:{&quot;unit&quot;:&quot;deg&quot;,&quot;size&quot;:&quot;&quot;,&quot;sizes&quot;:[]},&quot;_transform_rotateZ_effect_mobile&quot;:{&quot;unit&quot;:&quot;deg&quot;,&quot;size&quot;:&quot;&quot;,&quot;sizes&quot;:[]}}\" data-widget_type=\"flip-box.default\">\n\t\t\t\t<div class=\"elementor-widget-container\">\n\t\t\t\t\t \t\t\t\t<\/div>\n\t\t\t\t<\/div>\n\t\t\t\t\t<\/div>\n\t\t<\/div>\n\t\t\t\t<div class=\"elementor-column elementor-col-33 elementor-top-column elementor-element elementor-element-48b11c3\" data-id=\"48b11c3\" data-element_type=\"column\">\n\t\t\t<div class=\"elementor-widget-wrap elementor-element-populated\">\n\t\t\t\t\t\t<div class=\"elementor-element elementor-element-3c6e281 elementor-widget elementor-widget-flip-box\" data-id=\"3c6e281\" data-element_type=\"widget\" data-widget_type=\"flip-box.default\">\n\t\t\t\t<div class=\"elementor-widget-container\">\n\t\t\t\t\t \t\t\t\t<\/div>\n\t\t\t\t<\/div>\n\t\t\t\t\t<\/div>\n\t\t<\/div>\n\t\t\t\t<div class=\"elementor-column elementor-col-33 elementor-top-column elementor-element elementor-element-67ada52\" data-id=\"67ada52\" data-element_type=\"column\">\n\t\t\t<div class=\"elementor-widget-wrap elementor-element-populated\">\n\t\t\t\t\t\t<div class=\"elementor-element elementor-element-af30f7c elementor-widget elementor-widget-flip-box\" data-id=\"af30f7c\" data-element_type=\"widget\" data-widget_type=\"flip-box.default\">\n\t\t\t\t<div class=\"elementor-widget-container\">\n\t\t\t\t\t \t\t\t\t<\/div>\n\t\t\t\t<\/div>\n\t\t\t\t\t<\/div>\n\t\t<\/div>\n\t\t\t\t\t<\/div>\n\t\t<\/section>\n\t\t\t\t<\/div>\n\t\t","protected":false},"excerpt":{"rendered":"<p>Bienvenido Al Gimnasio del saber Es una alegr\u00eda inmensa saludarlos y darles la bienvenida a nuestra instituci\u00f3n que a lo largo de 60 a\u00f1os de labor ha mantenido el compromiso con la formaci\u00f3n de las nuevas generaciones. Nos complace compartir con ustedes nuevas experiencias y espacios de aprendizaje que nos permitir\u00e1n formar a los profesionales [&hellip;]<\/p>\n","protected":false},"author":4,"featured_media":0,"parent":0,"menu_order":0,"comment_status":"closed","ping_status":"closed","template":"elementor_header_footer","meta":{"footnotes":""},"class_list":["post-1909","page","type-page","status-publish","hentry"],"_links":{"self":[{"href":"https:\/\/www.gimsaber.edu.co\/en\/wp-json\/wp\/v2\/pages\/1909","targetHints":{"allow":["GET"]}}],"collection":[{"href":"https:\/\/www.gimsaber.edu.co\/en\/wp-json\/wp\/v2\/pages"}],"about":[{"href":"https:\/\/www.gimsaber.edu.co\/en\/wp-json\/wp\/v2\/types\/page"}],"author":[{"embeddable":true,"href":"https:\/\/www.gimsaber.edu.co\/en\/wp-json\/wp\/v2\/users\/4"}],"replies":[{"embeddable":true,"href":"https:\/\/www.gimsaber.edu.co\/en\/wp-json\/wp\/v2\/comments?post=1909"}],"version-history":[{"count":94,"href":"https:\/\/www.gimsaber.edu.co\/en\/wp-json\/wp\/v2\/pages\/1909\/revisions"}],"predecessor-version":[{"id":2905,"href":"https:\/\/www.gimsaber.edu.co\/en\/wp-json\/wp\/v2\/pages\/1909\/revisions\/2905"}],"wp:attachment":[{"href":"https:\/\/www.gimsaber.edu.co\/en\/wp-json\/wp\/v2\/media?parent=1909"}],"curies":[{"name":"wp","href":"https:\/\/api.w.org\/{rel}","templated":true}]}}