{"id":195,"date":"2022-09-22T17:12:17","date_gmt":"2022-09-22T17:12:17","guid":{"rendered":"https:\/\/www.gimsaber.edu.co\/en\/?page_id=195"},"modified":"2024-12-17T10:26:04","modified_gmt":"2024-12-17T15:26:04","slug":"niveles-academicos","status":"publish","type":"page","link":"https:\/\/www.gimsaber.edu.co\/en\/niveles-academicos\/","title":{"rendered":"Niveles Acad\u00e9micos"},"content":{"rendered":"\t\t<div data-elementor-type=\"wp-page\" data-elementor-id=\"195\" class=\"elementor elementor-195\">\n\t\t\t\t<div class=\"elementor-element elementor-element-d7d6df5 e-flex e-con-boxed e-con e-parent\" data-id=\"d7d6df5\" data-element_type=\"container\">\n\t\t\t\t\t<div class=\"e-con-inner\">\n\t\t\t\t<div class=\"elementor-element elementor-element-4972c8a elementor-widget__width-inherit elementor-widget elementor-widget-image\" data-id=\"4972c8a\" data-element_type=\"widget\" data-widget_type=\"image.default\">\n\t\t\t\t<div class=\"elementor-widget-container\">\n\t\t\t\t\t\t\t\t\t\t\t\t\t\t\t<img fetchpriority=\"high\" decoding=\"async\" width=\"2560\" height=\"1441\" src=\"https:\/\/www.gimsaber.edu.co\/en\/wp-content\/uploads\/2024\/12\/Academia-scaled.jpg\" class=\"attachment-full size-full wp-image-14387\" alt=\"\" srcset=\"https:\/\/www.gimsaber.edu.co\/en\/wp-content\/uploads\/2024\/12\/Academia-scaled.jpg 2560w, https:\/\/www.gimsaber.edu.co\/en\/wp-content\/uploads\/2024\/12\/Academia-300x169.jpg 300w, https:\/\/www.gimsaber.edu.co\/en\/wp-content\/uploads\/2024\/12\/Academia-1024x576.jpg 1024w, https:\/\/www.gimsaber.edu.co\/en\/wp-content\/uploads\/2024\/12\/Academia-768x432.jpg 768w, https:\/\/www.gimsaber.edu.co\/en\/wp-content\/uploads\/2024\/12\/Academia-1536x864.jpg 1536w, https:\/\/www.gimsaber.edu.co\/en\/wp-content\/uploads\/2024\/12\/Academia-2048x1153.jpg 2048w\" sizes=\"(max-width: 2560px) 100vw, 2560px\" \/>\t\t\t\t\t\t\t\t\t\t\t\t\t\t\t<\/div>\n\t\t\t\t<\/div>\n\t\t\t\t\t<\/div>\n\t\t\t\t<\/div>\n\t\t<div class=\"elementor-element elementor-element-650ddce4 e-flex e-con-boxed e-con e-parent\" data-id=\"650ddce4\" data-element_type=\"container\">\n\t\t\t\t\t<div class=\"e-con-inner\">\n\t\t\t\t<div class=\"elementor-element elementor-element-23bda871 elementor-widget elementor-widget-text-editor\" data-id=\"23bda871\" data-element_type=\"widget\" data-widget_type=\"text-editor.default\">\n\t\t\t\t<div class=\"elementor-widget-container\">\n\t\t\t\t\t\t\t\t\t\n<h3>\u00a0<\/h3>\n<h3 class=\"card mb-3\" style=\"text-align: center;\">Gimsaber Acad\u00e9mico<\/h3>\n<div class=\"card-body\">\n<p class=\"card-text\">Nuestra instituci\u00f3n ofrece todos los niveles de la educaci\u00f3n formal: Pre escolar, B\u00e1sica (primaria y secundaria) y Media, que cursados y aprobados progresivamente conducen al t\u00edtulo de bachilleres acad\u00e9micos y un segundo titulo aprobado por el programa SENA MEN.<\/p>\n<p class=\"card-text\"><small class=\"text-muted\">Last updated 3 mins ago<\/small><\/p>\n<\/div>\n\n<div class=\"row row-cols-1 row-cols-md-3 g-4\">\n<div class=\"col\">\n<div class=\"card\"><img decoding=\"async\" src=\"https:\/\/www.gimsaber.edu.co\/en\/wp-content\/uploads\/2022\/09\/IMG_20220616_084207.png\" alt=\"...\" \/>\n<div class=\"card-body\">\n<h5>\u00a0<\/h5>\n<h5 class=\"card-title\">Preeshool<\/h5>\n<p class=\"card-text\">Este nivel en el Gimsaber comprende tres grados de escolaridad Pre-jard\u00edn, Jard\u00edn y Transici\u00f3n.<\/p>\n<p class=\"card-text\"><a class=\"btn btn-outline-success\" role=\"button\" href=\"https:\/\/www.gimsaber.edu.co\/en\/nivel-pre-escolar\/\" type=\"button\">Conoce Mas!<\/a><\/p>\n<\/div>\n<\/div>\n<\/div>\n<div class=\"col\">\n<div class=\"card\"><img decoding=\"async\" class=\"card-img-top\" src=\"https:\/\/www.gimsaber.edu.co\/en\/wp-content\/uploads\/2022\/09\/IMG_20220510_090301.png\" alt=\"...\" \/><\/div>\n<h5>\u00a0<\/h5>\n<h5 class=\"card-title\">Elementary<\/h5>\nEste nivel en el Gimsaber comprende los grados de escolaridad de 1\u00b0 a 5\u00b0.\n<p class=\"card-text\"><a class=\"btn btn-outline-success\" role=\"button\" href=\"https:\/\/www.gimsaber.edu.co\/en\/nivel-basico\/\" type=\"button\">Conoce Mas!<\/a><\/p>\n<\/div>\n<div class=\"col\">\n<div class=\"card\"><img decoding=\"async\" class=\"card-img-top\" src=\"https:\/\/www.gimsaber.edu.co\/en\/wp-content\/uploads\/2022\/09\/IMG_20220517_094955.png\" alt=\"...\" \/>\n<div class=\"card-body\">\n<h5>\u00a0<\/h5>\n<h5 class=\"card-title\">HighSchool<\/h5>\n<p class=\"card-text\">Este nivel comprende los grados 6\u00b0 a 11\u00b0.<\/p>\n<p class=\"card-text\"><a class=\"btn btn-outline-success\" role=\"button\" href=\"https:\/\/www.gimsaber.edu.co\/en\/nivel-media\/\" type=\"button\">Conoce Mas!<\/a><\/p>\n<\/div>\n<\/div>\n<\/div>\n<\/div>\n\t\t\t\t\t\t\t\t<\/div>\n\t\t\t\t<\/div>\n\t\t\t\t\t<\/div>\n\t\t\t\t<\/div>\n\t\t\t\t<\/div>\n\t\t","protected":false},"excerpt":{"rendered":"<p>\u00a0 Gimsaber Acad\u00e9mico Nuestra instituci\u00f3n ofrece todos los niveles de la educaci\u00f3n formal: Pre escolar, B\u00e1sica (primaria y secundaria) y Media, que cursados y aprobados progresivamente conducen al t\u00edtulo de bachilleres acad\u00e9micos y un segundo titulo aprobado por el programa SENA MEN. Last updated 3 mins ago \u00a0 Preeshool Este nivel en el Gimsaber comprende [&hellip;]<\/p>\n","protected":false},"author":4,"featured_media":0,"parent":0,"menu_order":0,"comment_status":"closed","ping_status":"closed","template":"elementor_header_footer","meta":{"footnotes":""},"class_list":["post-195","page","type-page","status-publish","hentry"],"_links":{"self":[{"href":"https:\/\/www.gimsaber.edu.co\/en\/wp-json\/wp\/v2\/pages\/195","targetHints":{"allow":["GET"]}}],"collection":[{"href":"https:\/\/www.gimsaber.edu.co\/en\/wp-json\/wp\/v2\/pages"}],"about":[{"href":"https:\/\/www.gimsaber.edu.co\/en\/wp-json\/wp\/v2\/types\/page"}],"author":[{"embeddable":true,"href":"https:\/\/www.gimsaber.edu.co\/en\/wp-json\/wp\/v2\/users\/4"}],"replies":[{"embeddable":true,"href":"https:\/\/www.gimsaber.edu.co\/en\/wp-json\/wp\/v2\/comments?post=195"}],"version-history":[{"count":15,"href":"https:\/\/www.gimsaber.edu.co\/en\/wp-json\/wp\/v2\/pages\/195\/revisions"}],"predecessor-version":[{"id":14393,"href":"https:\/\/www.gimsaber.edu.co\/en\/wp-json\/wp\/v2\/pages\/195\/revisions\/14393"}],"wp:attachment":[{"href":"https:\/\/www.gimsaber.edu.co\/en\/wp-json\/wp\/v2\/media?parent=195"}],"curies":[{"name":"wp","href":"https:\/\/api.w.org\/{rel}","templated":true}]}}