{"id":1978,"date":"2022-12-01T07:34:51","date_gmt":"2022-12-01T12:34:51","guid":{"rendered":"https:\/\/www.gimsaber.edu.co\/en\/?page_id=1978"},"modified":"2024-12-04T12:01:45","modified_gmt":"2024-12-04T17:01:45","slug":"filosofia","status":"publish","type":"page","link":"https:\/\/www.gimsaber.edu.co\/en\/filosofia\/","title":{"rendered":"Filosof\u00eda"},"content":{"rendered":"\t\t<div data-elementor-type=\"wp-page\" data-elementor-id=\"1978\" class=\"elementor elementor-1978\">\n\t\t\t\t<div class=\"elementor-element elementor-element-df10c3b e-flex e-con-boxed e-con e-parent\" data-id=\"df10c3b\" data-element_type=\"container\">\n\t\t\t\t\t<div class=\"e-con-inner\">\n\t\t\t\t<div class=\"elementor-element elementor-element-03af01e elementor-widget elementor-widget-image\" data-id=\"03af01e\" data-element_type=\"widget\" data-widget_type=\"image.default\">\n\t\t\t\t<div class=\"elementor-widget-container\">\n\t\t\t\t\t\t\t\t\t\t\t\t\t\t\t<img fetchpriority=\"high\" decoding=\"async\" width=\"2187\" height=\"625\" src=\"https:\/\/www.gimsaber.edu.co\/en\/wp-content\/uploads\/2024\/12\/BANNERS-23_Mesa-de-trabajo-1.jpg\" class=\"attachment-full size-full wp-image-14066\" alt=\"\" srcset=\"https:\/\/www.gimsaber.edu.co\/en\/wp-content\/uploads\/2024\/12\/BANNERS-23_Mesa-de-trabajo-1.jpg 2187w, https:\/\/www.gimsaber.edu.co\/en\/wp-content\/uploads\/2024\/12\/BANNERS-23_Mesa-de-trabajo-1-300x86.jpg 300w, https:\/\/www.gimsaber.edu.co\/en\/wp-content\/uploads\/2024\/12\/BANNERS-23_Mesa-de-trabajo-1-1024x293.jpg 1024w, https:\/\/www.gimsaber.edu.co\/en\/wp-content\/uploads\/2024\/12\/BANNERS-23_Mesa-de-trabajo-1-768x219.jpg 768w, https:\/\/www.gimsaber.edu.co\/en\/wp-content\/uploads\/2024\/12\/BANNERS-23_Mesa-de-trabajo-1-1536x439.jpg 1536w, https:\/\/www.gimsaber.edu.co\/en\/wp-content\/uploads\/2024\/12\/BANNERS-23_Mesa-de-trabajo-1-2048x585.jpg 2048w\" sizes=\"(max-width: 2187px) 100vw, 2187px\" \/>\t\t\t\t\t\t\t\t\t\t\t\t\t\t\t<\/div>\n\t\t\t\t<\/div>\n\t\t\t\t\t<\/div>\n\t\t\t\t<\/div>\n\t\t\t\t<section class=\"elementor-section elementor-top-section elementor-element elementor-element-730051b elementor-section-boxed elementor-section-height-default elementor-section-height-default\" data-id=\"730051b\" data-element_type=\"section\">\n\t\t\t\t\t\t<div class=\"elementor-container elementor-column-gap-default\">\n\t\t\t\t\t<div class=\"elementor-column elementor-col-100 elementor-top-column elementor-element elementor-element-d7fa921\" data-id=\"d7fa921\" data-element_type=\"column\">\n\t\t\t<div class=\"elementor-widget-wrap elementor-element-populated\">\n\t\t\t\t\t\t<div class=\"elementor-element elementor-element-f0fbd76 elementor-widget elementor-widget-text-editor\" data-id=\"f0fbd76\" data-element_type=\"widget\" data-widget_type=\"text-editor.default\">\n\t\t\t\t<div class=\"elementor-widget-container\">\n\t\t\t\t\t\t\t\t\t<p style=\"text-align: center;\">\u00abGimnasio del Saber: Forjamos l\u00edderes con excelencia acad\u00e9mica y valores s\u00f3lidos. Inspirados por nuestra historia, avanzamos hacia un futuro donde la educaci\u00f3n transforma vidas y construye un mundo mejor.\u00bb<\/p>\t\t\t\t\t\t\t\t<\/div>\n\t\t\t\t<\/div>\n\t\t\t\t\t<\/div>\n\t\t<\/div>\n\t\t\t\t\t<\/div>\n\t\t<\/section>\n\t\t\t\t<section class=\"elementor-section elementor-top-section elementor-element elementor-element-ceeaad5 elementor-section-boxed elementor-section-height-default elementor-section-height-default\" data-id=\"ceeaad5\" data-element_type=\"section\">\n\t\t\t\t\t\t<div class=\"elementor-container elementor-column-gap-default\">\n\t\t\t\t\t<div class=\"elementor-column elementor-col-50 elementor-top-column elementor-element elementor-element-23b35e3\" data-id=\"23b35e3\" data-element_type=\"column\">\n\t\t\t<div class=\"elementor-widget-wrap elementor-element-populated\">\n\t\t\t\t\t\t<div class=\"elementor-element elementor-element-b10cf46 elementor-widget elementor-widget-html\" data-id=\"b10cf46\" data-element_type=\"widget\" data-widget_type=\"html.default\">\n\t\t\t\t<div class=\"elementor-widget-container\">\n\t\t\t\t\t<div class=\"card\" style=\"width: 35rem;\">\n  <div class=\"card-body\">\n    <h5 class=\"card-title\"><\/h5>\n    <img decoding=\"async\" src=\"https:\/\/www.gimsaber.edu.co\/en\/wp-content\/uploads\/2024\/12\/BANNERS-23-02.jpg\" class=\"card-img-top\">\n    <p class=\"card-text\">\n    <\/p>\n    <a href=\"https:\/\/www.gimsaber.edu.co\/en\/mision-y-vision-gimsaber\/\" class=\"btn btn-outline-primary btn-sm\">Ingresar<\/a>\n  <\/div>\n<\/div>\t\t\t\t<\/div>\n\t\t\t\t<\/div>\n\t\t\t\t\t<\/div>\n\t\t<\/div>\n\t\t\t\t<div class=\"elementor-column elementor-col-50 elementor-top-column elementor-element elementor-element-ede453b\" data-id=\"ede453b\" data-element_type=\"column\">\n\t\t\t<div class=\"elementor-widget-wrap elementor-element-populated\">\n\t\t\t\t\t\t<div class=\"elementor-element elementor-element-8787e31 elementor-widget elementor-widget-html\" data-id=\"8787e31\" data-element_type=\"widget\" data-widget_type=\"html.default\">\n\t\t\t\t<div class=\"elementor-widget-container\">\n\t\t\t\t\t<div class=\"card\" style=\"width: 35rem;\">\r\n  <div class=\"card-body\">\r\n    <h5 class=\"card-title\"><\/h5>\r\n    <img decoding=\"async\" src=\"https:\/\/www.gimsaber.edu.co\/en\/wp-content\/uploads\/2024\/12\/BANNERS-23-04.jpg\" class=\"card-img-top\">\r\n    <p class=\"card-text\">\r\n    <\/p>\r\n    <a href=\"https:\/\/www.gimsaber.edu.co\/en\/historia-gimsaber\/\" class=\"btn btn-outline-primary btn-sm\">Ingresar<\/a>\r\n  <\/div>\r\n<\/div>\t\t\t\t<\/div>\n\t\t\t\t<\/div>\n\t\t\t\t\t<\/div>\n\t\t<\/div>\n\t\t\t\t\t<\/div>\n\t\t<\/section>\n\t\t<div class=\"elementor-element elementor-element-ada5b1d e-flex e-con-boxed e-con e-parent\" data-id=\"ada5b1d\" data-element_type=\"container\">\n\t\t\t\t\t<div class=\"e-con-inner\">\n\t\t\t\t<div class=\"elementor-element elementor-element-34d7525 elementor-widget elementor-widget-text-editor\" data-id=\"34d7525\" data-element_type=\"widget\" data-widget_type=\"text-editor.default\">\n\t\t\t\t<div class=\"elementor-widget-container\">\n\t\t\t\t\t\t\t\t\t<p><span style=\"font-family: Montserrat;\">Hoy por hoy, el Gimnasio del Saber es una instituci\u00f3n educativa aprobada por el Ministerio de Educaci\u00f3n de Colombia, seg\u00fan Resoluci\u00f3n n.\u00b0 00487 de abril 4 de 2003, y acreditada como instituci\u00f3n educativa biling\u00fce nacional, en sus tres (3) niveles: Preescolar, Elemental y Bachillerato.<\/span><\/p>\t\t\t\t\t\t\t\t<\/div>\n\t\t\t\t<\/div>\n\t\t\t\t\t<\/div>\n\t\t\t\t<\/div>\n\t\t\t\t<\/div>\n\t\t","protected":false},"excerpt":{"rendered":"<p>\u00abGimnasio del Saber: Forjamos l\u00edderes con excelencia acad\u00e9mica y valores s\u00f3lidos. Inspirados por nuestra historia, avanzamos hacia un futuro donde la educaci\u00f3n transforma vidas y construye un mundo mejor.\u00bb Ingresar Ingresar Hoy por hoy, el Gimnasio del Saber es una instituci\u00f3n educativa aprobada por el Ministerio de Educaci\u00f3n de Colombia, seg\u00fan Resoluci\u00f3n n.\u00b0 00487 de [&hellip;]<\/p>\n","protected":false},"author":4,"featured_media":0,"parent":0,"menu_order":0,"comment_status":"closed","ping_status":"closed","template":"elementor_header_footer","meta":{"footnotes":""},"class_list":["post-1978","page","type-page","status-publish","hentry"],"_links":{"self":[{"href":"https:\/\/www.gimsaber.edu.co\/en\/wp-json\/wp\/v2\/pages\/1978","targetHints":{"allow":["GET"]}}],"collection":[{"href":"https:\/\/www.gimsaber.edu.co\/en\/wp-json\/wp\/v2\/pages"}],"about":[{"href":"https:\/\/www.gimsaber.edu.co\/en\/wp-json\/wp\/v2\/types\/page"}],"author":[{"embeddable":true,"href":"https:\/\/www.gimsaber.edu.co\/en\/wp-json\/wp\/v2\/users\/4"}],"replies":[{"embeddable":true,"href":"https:\/\/www.gimsaber.edu.co\/en\/wp-json\/wp\/v2\/comments?post=1978"}],"version-history":[{"count":52,"href":"https:\/\/www.gimsaber.edu.co\/en\/wp-json\/wp\/v2\/pages\/1978\/revisions"}],"predecessor-version":[{"id":14185,"href":"https:\/\/www.gimsaber.edu.co\/en\/wp-json\/wp\/v2\/pages\/1978\/revisions\/14185"}],"wp:attachment":[{"href":"https:\/\/www.gimsaber.edu.co\/en\/wp-json\/wp\/v2\/media?parent=1978"}],"curies":[{"name":"wp","href":"https:\/\/api.w.org\/{rel}","templated":true}]}}