{"id":2021,"date":"2022-12-01T07:48:46","date_gmt":"2022-12-01T12:48:46","guid":{"rendered":"https:\/\/www.gimsaber.edu.co\/en\/?page_id=2021"},"modified":"2024-12-04T13:13:12","modified_gmt":"2024-12-04T18:13:12","slug":"historia-gimsaber","status":"publish","type":"page","link":"https:\/\/www.gimsaber.edu.co\/en\/historia-gimsaber\/","title":{"rendered":"Historia Gimsaber"},"content":{"rendered":"\t\t<div data-elementor-type=\"wp-page\" data-elementor-id=\"2021\" class=\"elementor elementor-2021\">\n\t\t\t\t<div class=\"elementor-element elementor-element-1bedda2 e-flex e-con-boxed e-con e-parent\" data-id=\"1bedda2\" data-element_type=\"container\">\n\t\t\t\t\t<div class=\"e-con-inner\">\n\t\t\t\t<div class=\"elementor-element elementor-element-2af2f68 elementor-widget elementor-widget-image\" data-id=\"2af2f68\" data-element_type=\"widget\" data-widget_type=\"image.default\">\n\t\t\t\t<div class=\"elementor-widget-container\">\n\t\t\t\t\t\t\t\t\t\t\t\t\t\t\t<img fetchpriority=\"high\" decoding=\"async\" width=\"2187\" height=\"625\" src=\"https:\/\/www.gimsaber.edu.co\/en\/wp-content\/uploads\/2024\/12\/BANNERS-23-04.jpg\" class=\"attachment-full size-full wp-image-14069\" alt=\"\" srcset=\"https:\/\/www.gimsaber.edu.co\/en\/wp-content\/uploads\/2024\/12\/BANNERS-23-04.jpg 2187w, https:\/\/www.gimsaber.edu.co\/en\/wp-content\/uploads\/2024\/12\/BANNERS-23-04-300x86.jpg 300w, https:\/\/www.gimsaber.edu.co\/en\/wp-content\/uploads\/2024\/12\/BANNERS-23-04-1024x293.jpg 1024w, https:\/\/www.gimsaber.edu.co\/en\/wp-content\/uploads\/2024\/12\/BANNERS-23-04-768x219.jpg 768w, https:\/\/www.gimsaber.edu.co\/en\/wp-content\/uploads\/2024\/12\/BANNERS-23-04-1536x439.jpg 1536w, https:\/\/www.gimsaber.edu.co\/en\/wp-content\/uploads\/2024\/12\/BANNERS-23-04-2048x585.jpg 2048w\" sizes=\"(max-width: 2187px) 100vw, 2187px\" \/>\t\t\t\t\t\t\t\t\t\t\t\t\t\t\t<\/div>\n\t\t\t\t<\/div>\n\t\t\t\t\t<\/div>\n\t\t\t\t<\/div>\n\t\t<div class=\"elementor-element elementor-element-e81c0b9 e-flex e-con-boxed e-con e-parent\" data-id=\"e81c0b9\" data-element_type=\"container\">\n\t\t\t\t\t<div class=\"e-con-inner\">\n\t\t\t\t<div class=\"elementor-element elementor-element-b610867 elementor-widget elementor-widget-text-editor\" data-id=\"b610867\" data-element_type=\"widget\" data-widget_type=\"text-editor.default\">\n\t\t\t\t<div class=\"elementor-widget-container\">\n\t\t\t\t\t\t\t\t\t<p style=\"text-align: center;\">El Gimnasio del Saber, ubicado en la ciudad de Valledupar, tiene una rica historia que se remonta al a\u00f1o 1972. Originalmente fundado como el Colegio Mar\u00eda Auxiliadora, esta instituci\u00f3n educativa ha sido un pilar en la comunidad durante siglos. En el a\u00f1o 1997, el colegio fue renombrado como Gimnasio del Saber, reflejando una nueva era de educaci\u00f3n y desarrollo.<\/p>\t\t\t\t\t\t\t\t<\/div>\n\t\t\t\t<\/div>\n\t\t\t\t\t<\/div>\n\t\t\t\t<\/div>\n\t\t\t\t<\/div>\n\t\t","protected":false},"excerpt":{"rendered":"<p>El Gimnasio del Saber, ubicado en la ciudad de Valledupar, tiene una rica historia que se remonta al a\u00f1o 1972. Originalmente fundado como el Colegio Mar\u00eda Auxiliadora, esta instituci\u00f3n educativa ha sido un pilar en la comunidad durante siglos. En el a\u00f1o 1997, el colegio fue renombrado como Gimnasio del Saber, reflejando una nueva era [&hellip;]<\/p>\n","protected":false},"author":4,"featured_media":0,"parent":0,"menu_order":0,"comment_status":"closed","ping_status":"closed","template":"elementor_header_footer","meta":{"footnotes":""},"class_list":["post-2021","page","type-page","status-publish","hentry"],"_links":{"self":[{"href":"https:\/\/www.gimsaber.edu.co\/en\/wp-json\/wp\/v2\/pages\/2021","targetHints":{"allow":["GET"]}}],"collection":[{"href":"https:\/\/www.gimsaber.edu.co\/en\/wp-json\/wp\/v2\/pages"}],"about":[{"href":"https:\/\/www.gimsaber.edu.co\/en\/wp-json\/wp\/v2\/types\/page"}],"author":[{"embeddable":true,"href":"https:\/\/www.gimsaber.edu.co\/en\/wp-json\/wp\/v2\/users\/4"}],"replies":[{"embeddable":true,"href":"https:\/\/www.gimsaber.edu.co\/en\/wp-json\/wp\/v2\/comments?post=2021"}],"version-history":[{"count":10,"href":"https:\/\/www.gimsaber.edu.co\/en\/wp-json\/wp\/v2\/pages\/2021\/revisions"}],"predecessor-version":[{"id":14206,"href":"https:\/\/www.gimsaber.edu.co\/en\/wp-json\/wp\/v2\/pages\/2021\/revisions\/14206"}],"wp:attachment":[{"href":"https:\/\/www.gimsaber.edu.co\/en\/wp-json\/wp\/v2\/media?parent=2021"}],"curies":[{"name":"wp","href":"https:\/\/api.w.org\/{rel}","templated":true}]}}