{"id":2023,"date":"2022-12-01T07:49:13","date_gmt":"2022-12-01T12:49:13","guid":{"rendered":"https:\/\/www.gimsaber.edu.co\/en\/?page_id=2023"},"modified":"2024-12-04T13:40:25","modified_gmt":"2024-12-04T18:40:25","slug":"rector","status":"publish","type":"page","link":"https:\/\/www.gimsaber.edu.co\/en\/rector\/","title":{"rendered":"Rector"},"content":{"rendered":"\t\t<div data-elementor-type=\"wp-page\" data-elementor-id=\"2023\" class=\"elementor elementor-2023\">\n\t\t\t\t<div class=\"elementor-element elementor-element-255cb20 e-flex e-con-boxed e-con e-parent\" data-id=\"255cb20\" data-element_type=\"container\">\n\t\t\t\t\t<div class=\"e-con-inner\">\n\t\t\t\t<div class=\"elementor-element elementor-element-78ad56a elementor-widget elementor-widget-image\" data-id=\"78ad56a\" data-element_type=\"widget\" data-widget_type=\"image.default\">\n\t\t\t\t<div class=\"elementor-widget-container\">\n\t\t\t\t\t\t\t\t\t\t\t\t\t\t\t<img fetchpriority=\"high\" decoding=\"async\" width=\"2187\" height=\"625\" src=\"https:\/\/www.gimsaber.edu.co\/en\/wp-content\/uploads\/2024\/12\/BANNERS-23-05.jpg\" class=\"attachment-full size-full wp-image-14063\" alt=\"\" srcset=\"https:\/\/www.gimsaber.edu.co\/en\/wp-content\/uploads\/2024\/12\/BANNERS-23-05.jpg 2187w, https:\/\/www.gimsaber.edu.co\/en\/wp-content\/uploads\/2024\/12\/BANNERS-23-05-300x86.jpg 300w, https:\/\/www.gimsaber.edu.co\/en\/wp-content\/uploads\/2024\/12\/BANNERS-23-05-1024x293.jpg 1024w, https:\/\/www.gimsaber.edu.co\/en\/wp-content\/uploads\/2024\/12\/BANNERS-23-05-768x219.jpg 768w, https:\/\/www.gimsaber.edu.co\/en\/wp-content\/uploads\/2024\/12\/BANNERS-23-05-1536x439.jpg 1536w, https:\/\/www.gimsaber.edu.co\/en\/wp-content\/uploads\/2024\/12\/BANNERS-23-05-2048x585.jpg 2048w\" sizes=\"(max-width: 2187px) 100vw, 2187px\" \/>\t\t\t\t\t\t\t\t\t\t\t\t\t\t\t<\/div>\n\t\t\t\t<\/div>\n\t\t\t\t\t<\/div>\n\t\t\t\t<\/div>\n\t\t<div class=\"elementor-element elementor-element-e4801d8 e-flex e-con-boxed e-con e-parent\" data-id=\"e4801d8\" data-element_type=\"container\">\n\t\t\t\t\t<div class=\"e-con-inner\">\n\t\t<div class=\"elementor-element elementor-element-a11682a e-con-full e-flex e-con e-child\" data-id=\"a11682a\" data-element_type=\"container\">\n\t\t\t\t<div class=\"elementor-element elementor-element-a116eb8 elementor-widget elementor-widget-image\" data-id=\"a116eb8\" data-element_type=\"widget\" data-widget_type=\"image.default\">\n\t\t\t\t<div class=\"elementor-widget-container\">\n\t\t\t\t\t\t\t\t\t\t\t\t\t\t\t<img decoding=\"async\" width=\"1024\" height=\"1024\" src=\"https:\/\/www.gimsaber.edu.co\/en\/wp-content\/uploads\/2023\/03\/RONALD_Mesa-de-trabajo-1.png\" class=\"attachment-large size-large wp-image-3537\" alt=\"\" \/>\t\t\t\t\t\t\t\t\t\t\t\t\t\t\t<\/div>\n\t\t\t\t<\/div>\n\t\t\t\t<div class=\"elementor-element elementor-element-5706247 elementor-widget elementor-widget-text-editor\" data-id=\"5706247\" data-element_type=\"widget\" data-widget_type=\"text-editor.default\">\n\t\t\t\t<div class=\"elementor-widget-container\">\n\t\t\t\t\t\t\t\t\t<p style=\"text-align: center;\"><span class=\"sppb-person-designation\">Rector<\/span><\/p><h5 style=\"text-align: center;\"><strong><span class=\"sppb-person-name\">RONALD QUINTANA ACU\u00d1A<\/span><\/strong><\/h5><p style=\"text-align: center;\"><span class=\"sppb-person-email\">ronald.quintana@gimsaber.edu.co<\/span><\/p>\t\t\t\t\t\t\t\t<\/div>\n\t\t\t\t<\/div>\n\t\t\t\t<\/div>\n\t\t<div class=\"elementor-element elementor-element-1a27aab e-con-full e-flex e-con e-child\" data-id=\"1a27aab\" data-element_type=\"container\">\n\t\t\t\t<div class=\"elementor-element elementor-element-16078ff elementor-widget elementor-widget-text-editor\" data-id=\"16078ff\" data-element_type=\"widget\" data-widget_type=\"text-editor.default\">\n\t\t\t\t<div class=\"elementor-widget-container\">\n\t\t\t\t\t\t\t\t\t<blockquote><p>En el Gimnasio del Saber creemos que cada estudiante es un mundo lleno de posibilidades, y nuestra misi\u00f3n es ser el puente que los lleve a descubrir su m\u00e1ximo potencial. Nuestra comunidad educativa no solo forma mentes brillantes, sino tambi\u00e9n corazones sensibles y ciudadanos comprometidos con la sociedad.<\/p><p>Es en cada aula, proyecto y experiencia vivida donde sembramos los valores que nos definen: respeto, excelencia, innovaci\u00f3n y trabajo en equipo. Queremos que cada uno de nuestros estudiantes se convierta en un l\u00edder transformador, capaz de afrontar los retos del ma\u00f1ana con creatividad, \u00e9tica y una s\u00f3lida formaci\u00f3n acad\u00e9mica.<\/p><p>Sigamos construyendo juntos un futuro lleno de aprendizajes, sue\u00f1os cumplidos y metas alcanzadas. En el Gimnasio del Saber, \u00a1hacemos del conocimiento la herramienta para cambiar el mundo!<\/p><\/blockquote>\t\t\t\t\t\t\t\t<\/div>\n\t\t\t\t<\/div>\n\t\t\t\t<\/div>\n\t\t\t\t\t<\/div>\n\t\t\t\t<\/div>\n\t\t\t\t<\/div>\n\t\t","protected":false},"excerpt":{"rendered":"<p>Rector RONALD QUINTANA ACU\u00d1A ronald.quintana@gimsaber.edu.co En el Gimnasio del Saber creemos que cada estudiante es un mundo lleno de posibilidades, y nuestra misi\u00f3n es ser el puente que los lleve a descubrir su m\u00e1ximo potencial. Nuestra comunidad educativa no solo forma mentes brillantes, sino tambi\u00e9n corazones sensibles y ciudadanos comprometidos con la sociedad. Es en [&hellip;]<\/p>\n","protected":false},"author":4,"featured_media":0,"parent":0,"menu_order":0,"comment_status":"closed","ping_status":"closed","template":"elementor_header_footer","meta":{"footnotes":""},"class_list":["post-2023","page","type-page","status-publish","hentry"],"_links":{"self":[{"href":"https:\/\/www.gimsaber.edu.co\/en\/wp-json\/wp\/v2\/pages\/2023","targetHints":{"allow":["GET"]}}],"collection":[{"href":"https:\/\/www.gimsaber.edu.co\/en\/wp-json\/wp\/v2\/pages"}],"about":[{"href":"https:\/\/www.gimsaber.edu.co\/en\/wp-json\/wp\/v2\/types\/page"}],"author":[{"embeddable":true,"href":"https:\/\/www.gimsaber.edu.co\/en\/wp-json\/wp\/v2\/users\/4"}],"replies":[{"embeddable":true,"href":"https:\/\/www.gimsaber.edu.co\/en\/wp-json\/wp\/v2\/comments?post=2023"}],"version-history":[{"count":22,"href":"https:\/\/www.gimsaber.edu.co\/en\/wp-json\/wp\/v2\/pages\/2023\/revisions"}],"predecessor-version":[{"id":14230,"href":"https:\/\/www.gimsaber.edu.co\/en\/wp-json\/wp\/v2\/pages\/2023\/revisions\/14230"}],"wp:attachment":[{"href":"https:\/\/www.gimsaber.edu.co\/en\/wp-json\/wp\/v2\/media?parent=2023"}],"curies":[{"name":"wp","href":"https:\/\/api.w.org\/{rel}","templated":true}]}}