{"id":2037,"date":"2022-12-01T07:54:24","date_gmt":"2022-12-01T12:54:24","guid":{"rendered":"https:\/\/www.gimsaber.edu.co\/en\/?page_id=2037"},"modified":"2024-12-04T15:06:24","modified_gmt":"2024-12-04T20:06:24","slug":"secciones","status":"publish","type":"page","link":"https:\/\/www.gimsaber.edu.co\/en\/secciones\/","title":{"rendered":"Secciones"},"content":{"rendered":"\t\t<div data-elementor-type=\"wp-page\" data-elementor-id=\"2037\" class=\"elementor elementor-2037\">\n\t\t\t\t\t\t<section class=\"elementor-section elementor-top-section elementor-element elementor-element-711f702 elementor-section-full_width elementor-section-height-min-height elementor-section-content-middle elementor-section-height-default elementor-section-items-middle\" data-id=\"711f702\" data-element_type=\"section\" data-settings=\"{&quot;background_background&quot;:&quot;classic&quot;}\">\n\t\t\t\t\t\t<div class=\"elementor-container elementor-column-gap-no\">\n\t\t\t\t\t<div class=\"elementor-column elementor-col-100 elementor-top-column elementor-element elementor-element-54cfe96\" data-id=\"54cfe96\" data-element_type=\"column\">\n\t\t\t<div class=\"elementor-widget-wrap elementor-element-populated\">\n\t\t\t\t\t\t<div class=\"elementor-element elementor-element-89cfa23 elementor-widget elementor-widget-image\" data-id=\"89cfa23\" data-element_type=\"widget\" data-widget_type=\"image.default\">\n\t\t\t\t<div class=\"elementor-widget-container\">\n\t\t\t\t\t\t\t\t\t\t\t\t\t\t\t<img fetchpriority=\"high\" decoding=\"async\" width=\"2187\" height=\"625\" src=\"https:\/\/www.gimsaber.edu.co\/en\/wp-content\/uploads\/2024\/12\/BANNERS-23-14.jpg\" class=\"attachment-full size-full wp-image-14057\" alt=\"\" srcset=\"https:\/\/www.gimsaber.edu.co\/en\/wp-content\/uploads\/2024\/12\/BANNERS-23-14.jpg 2187w, https:\/\/www.gimsaber.edu.co\/en\/wp-content\/uploads\/2024\/12\/BANNERS-23-14-300x86.jpg 300w, https:\/\/www.gimsaber.edu.co\/en\/wp-content\/uploads\/2024\/12\/BANNERS-23-14-1024x293.jpg 1024w, https:\/\/www.gimsaber.edu.co\/en\/wp-content\/uploads\/2024\/12\/BANNERS-23-14-768x219.jpg 768w, https:\/\/www.gimsaber.edu.co\/en\/wp-content\/uploads\/2024\/12\/BANNERS-23-14-1536x439.jpg 1536w, https:\/\/www.gimsaber.edu.co\/en\/wp-content\/uploads\/2024\/12\/BANNERS-23-14-2048x585.jpg 2048w\" sizes=\"(max-width: 2187px) 100vw, 2187px\" \/>\t\t\t\t\t\t\t\t\t\t\t\t\t\t\t<\/div>\n\t\t\t\t<\/div>\n\t\t\t\t\t<\/div>\n\t\t<\/div>\n\t\t\t\t\t<\/div>\n\t\t<\/section>\n\t\t\t\t<section class=\"elementor-section elementor-top-section elementor-element elementor-element-7f8b86f elementor-section-boxed elementor-section-height-default elementor-section-height-default\" data-id=\"7f8b86f\" data-element_type=\"section\">\n\t\t\t\t\t\t<div class=\"elementor-container elementor-column-gap-default\">\n\t\t\t\t\t<div class=\"elementor-column elementor-col-100 elementor-top-column elementor-element elementor-element-3f22bba\" data-id=\"3f22bba\" data-element_type=\"column\">\n\t\t\t<div class=\"elementor-widget-wrap elementor-element-populated\">\n\t\t\t\t\t\t<div class=\"elementor-element elementor-element-e14349e elementor-widget elementor-widget-heading\" data-id=\"e14349e\" data-element_type=\"widget\" data-widget_type=\"heading.default\">\n\t\t\t\t<div class=\"elementor-widget-container\">\n\t\t\t\t\t<h1 class=\"elementor-heading-title elementor-size-default\">2024<\/h1>\t\t\t\t<\/div>\n\t\t\t\t<\/div>\n\t\t\t\t<div class=\"elementor-element elementor-element-3873163 elementor-widget elementor-widget-html\" data-id=\"3873163\" data-element_type=\"widget\" data-widget_type=\"html.default\">\n\t\t\t\t<div class=\"elementor-widget-container\">\n\t\t\t\t\t<!DOCTYPE html>\r\n<html lang=\"es\">\r\n<head>\r\n    <meta charset=\"UTF-8\">\r\n    <meta name=\"viewport\" content=\"width=device-width, initial-scale=1.0\">\r\n    <title>Galer\u00eda de recuerdos<\/title>\r\n    <link rel=\"stylesheet\" href=\"Dise\u00f1o.Css\">\r\n<\/head>\r\n<body>\r\n    <section class=\"galeria-contenedor\">\r\n        <div class=\"cuadro\">\r\n            <img decoding=\"async\" src=\"https:\/\/www.gimsaber.edu.co\/en\/wp-content\/uploads\/2024\/06\/DSC7081-Enhanced-NR.jpg\" alt=\"Foto bajo sol\">\r\n            <h2 class=\"11\u00b0\">Voces del saber<\/h2>\r\n            <a href=\"https:\/\/photos.app.goo.gl\/RHSTD9u94GLRbdNu7\" class=\"boton\">Ver \u00e1lbum<\/a>\r\n        <\/div>\r\n        <div class=\"cuadro\">\r\n            <img decoding=\"async\" src=\"https:\/\/www.gimsaber.edu.co\/en\/wp-content\/uploads\/2024\/06\/Personal-49.jpg\" alt=\"Foto 2\">\r\n            <h2 class=\"11\u00b0\"> First Open House<\/h2>\r\n            <a href=\"https:\/\/photos.app.goo.gl\/veVqRwbE6atXXbU6A\" class=\"boton\">Ver \u00e1lbum<\/a>\r\n        \r\n        <\/div>\r\n        <\/section>\r\n\r\n    <script src=\"Inter.js\"><\/script>\r\n    <div class=\"container\">\r\n      \r\n<\/body>\r\n<\/html>\t\t\t\t<\/div>\n\t\t\t\t<\/div>\n\t\t\t\t<div class=\"elementor-element elementor-element-36e3480 elementor-widget elementor-widget-html\" data-id=\"36e3480\" data-element_type=\"widget\" data-widget_type=\"html.default\">\n\t\t\t\t<div class=\"elementor-widget-container\">\n\t\t\t\t\t<!DOCTYPE html>\r\n<html lang=\"es\">\r\n<head>\r\n    <meta charset=\"UTF-8\">\r\n    <meta name=\"viewport\" content=\"width=device-width, initial-scale=1.0\">\r\n    <title>Galer\u00eda de recuerdos<\/title>\r\n    <link rel=\"stylesheet\" href=\"Dise\u00f1o.Css\">\r\n<\/head>\r\n<body>\r\n    <section class=\"galeria-contenedor\">\r\n        <div class=\"cuadro\">\r\n            <img decoding=\"async\" src=\"https:\/\/www.gimsaber.edu.co\/en\/wp-content\/uploads\/2024\/06\/DSC1744.jpg\" alt=\"Foto bajo sol\">\r\n            <h2 class=\"11\u00b0\"> Seniors Renaissance<\/h2>\r\n            <a href=\"https:\/\/photos.app.goo.gl\/a4DjWnxX6CHDR7A86\" class=\"boton\">Ver \u00e1lbum<\/a>\r\n        <\/div>\r\n        <div class=\"cuadro\">\r\n            <img decoding=\"async\" src=\"https:\/\/www.gimsaber.edu.co\/en\/wp-content\/uploads\/2024\/06\/DSC9349.jpg\" alt=\"Foto 2\">\r\n            <h2 class=\"11\u00b0\"> Happy Men\u00b4s Day<\/h2>\r\n            <a href=\"https:\/\/photos.app.goo.gl\/jkDmir4CawGRu3zN8\" class=\"boton\">Ver \u00e1lbum<\/a>\r\n        <\/div>\r\n        <\/section>\r\n\r\n    <script src=\"Inter.js\"><\/script>\r\n    <div class=\"container\">\r\n      \r\n<\/body>\r\n<\/html>\t\t\t\t<\/div>\n\t\t\t\t<\/div>\n\t\t\t\t<div class=\"elementor-element elementor-element-d36b308 elementor-widget elementor-widget-html\" data-id=\"d36b308\" data-element_type=\"widget\" data-widget_type=\"html.default\">\n\t\t\t\t<div class=\"elementor-widget-container\">\n\t\t\t\t\t<!DOCTYPE html>\r\n<html lang=\"es\">\r\n<head>\r\n    <meta charset=\"UTF-8\">\r\n    <meta name=\"viewport\" content=\"width=device-width, initial-scale=1.0\">\r\n    <title>Galer\u00eda de recuerdos<\/title>\r\n    <link rel=\"stylesheet\" href=\"Dise\u00f1o.Css\">\r\n<\/head>\r\n<body>\r\n    <section class=\"galeria-contenedor\">\r\n        <div class=\"cuadro\">\r\n            <img decoding=\"async\" src=\"https:\/\/www.gimsaber.edu.co\/en\/wp-content\/uploads\/2024\/06\/DSC9232.jpg\" alt=\"Foto bajo sol\">\r\n            <h2 class=\"11\u00b0\">Easter Week<\/h2>\r\n            <a href=\"https:\/\/photos.app.goo.gl\/5mRJ1cMTdQKD8NPK9\" class=\"boton\">Ver \u00e1lbum<\/a>\r\n        <\/div>\r\n        <div class=\"cuadro\">\r\n            <img decoding=\"async\" src=\"https:\/\/www.gimsaber.edu.co\/en\/wp-content\/uploads\/2024\/06\/DSC8255.jpg\" alt=\"Foto 2\">\r\n            <h2 class=\"11\u00b0\"> Happy Women's Day<\/h2>\r\n            <a href=\"https:\/\/photos.app.goo.gl\/8XM98tPg2Lg4daVM8\" class=\"boton\">Ver \u00e1lbum<\/a>\r\n        <\/div>\r\n        <\/section>\r\n\r\n    <script src=\"Inter.js\"><\/script>\r\n    <div class=\"container\">\r\n      \r\n<\/body>\r\n<\/html>\r\n\t\t\t\t<\/div>\n\t\t\t\t<\/div>\n\t\t\t\t\t<\/div>\n\t\t<\/div>\n\t\t\t\t\t<\/div>\n\t\t<\/section>\n\t\t\t\t<section class=\"elementor-section elementor-top-section elementor-element elementor-element-12e4cb2 elementor-section-boxed elementor-section-height-default elementor-section-height-default\" data-id=\"12e4cb2\" data-element_type=\"section\">\n\t\t\t\t\t\t<div class=\"elementor-container elementor-column-gap-default\">\n\t\t\t\t\t<div class=\"elementor-column elementor-col-100 elementor-top-column elementor-element elementor-element-d45ba98\" data-id=\"d45ba98\" data-element_type=\"column\">\n\t\t\t<div class=\"elementor-widget-wrap elementor-element-populated\">\n\t\t\t\t\t\t<div class=\"elementor-element elementor-element-961ed87 elementor-widget elementor-widget-html\" data-id=\"961ed87\" data-element_type=\"widget\" data-widget_type=\"html.default\">\n\t\t\t\t<div class=\"elementor-widget-container\">\n\t\t\t\t\t<!DOCTYPE html>\r\n<html lang=\"es\">\r\n<head>\r\n    <meta charset=\"UTF-8\">\r\n    <meta name=\"viewport\" content=\"width=device-width, initial-scale=1.0\">\r\n    <title>Galer\u00eda de recuerdos<\/title>\r\n    <link rel=\"stylesheet\" href=\"Dise\u00f1o.Css\">\r\n<\/head>\r\n<body>\r\n    <section class=\"galeria-contenedor\">\r\n        <div class=\"cuadro\">\r\n            <img decoding=\"async\" src=\"https:\/\/www.gimsaber.edu.co\/en\/wp-content\/uploads\/2024\/06\/DSC3935-2.jpg\" alt=\"Foto bajo sol\">\r\n            <h2 class=\"11\u00b0\">Cocineritos Frisby<\/h2>\r\n            <a href=\"https:\/\/photos.app.goo.gl\/cQdaabdNdn72Yspg7\" class=\"boton\">Ver \u00e1lbum<\/a>\r\n        <\/div>\r\n        <div class=\"cuadro\">\r\n            <img decoding=\"async\" src=\"https:\/\/www.gimsaber.edu.co\/en\/wp-content\/uploads\/2024\/06\/DSC3332.jpg\" alt=\"Foto 2\">\r\n            <h2 class=\"11\u00b0\">Valentine\u00b4s Day<\/h2>\r\n            <a href=\"https:\/\/photos.app.goo.gl\/wZ9FEjqpKckSHuur6\" class=\"boton\">Ver \u00e1lbum<\/a>\r\n        <\/div>\r\n        <\/section>\r\n\r\n    <script src=\"Inter.js\"><\/script>\r\n    <div class=\"container\">\r\n      \r\n<\/body>\r\n<\/html>\r\n\t\t\t\t<\/div>\n\t\t\t\t<\/div>\n\t\t\t\t<div class=\"elementor-element elementor-element-57a5d99 elementor-widget elementor-widget-html\" data-id=\"57a5d99\" data-element_type=\"widget\" data-widget_type=\"html.default\">\n\t\t\t\t<div class=\"elementor-widget-container\">\n\t\t\t\t\t<!DOCTYPE html>\r\n<html lang=\"es\">\r\n<head>\r\n    <meta charset=\"UTF-8\">\r\n    <meta name=\"viewport\" content=\"width=device-width, initial-scale=1.0\">\r\n    <title>Galer\u00eda de recuerdos<\/title>\r\n    <link rel=\"stylesheet\" href=\"Dise\u00f1o.Css\">\r\n<\/head>\r\n<body>\r\n    <section class=\"galeria-contenedor\">\r\n        <div class=\"cuadro\">\r\n            <img decoding=\"async\" src=\"https:\/\/www.gimsaber.edu.co\/en\/wp-content\/uploads\/2024\/06\/DSC2297.jpg\" alt=\"Foto bajo sol\">\r\n            <h2 class=\"11\u00b0\">Carnavalito<\/h2>\r\n            <a href=\"https:\/\/photos.app.goo.gl\/jox5ipj6Go4wbKPi8\" class=\"boton\">Ver \u00e1lbum<\/a>\r\n        <\/div>\r\n        <\/section>\r\n\r\n    <script src=\"Inter.js\"><\/script>\r\n    <div class=\"container\">\r\n      \r\n<\/body>\r\n<\/html>\r\n\t\t\t\t<\/div>\n\t\t\t\t<\/div>\n\t\t\t\t\t<\/div>\n\t\t<\/div>\n\t\t\t\t\t<\/div>\n\t\t<\/section>\n\t\t\t\t<\/div>\n\t\t","protected":false},"excerpt":{"rendered":"<p>2024 Galer\u00eda de recuerdos Voces del saber Ver \u00e1lbum First Open House Ver \u00e1lbum Galer\u00eda de recuerdos Seniors Renaissance Ver \u00e1lbum Happy Men\u00b4s Day Ver \u00e1lbum Galer\u00eda de recuerdos Easter Week Ver \u00e1lbum Happy Women&#8217;s Day Ver \u00e1lbum Galer\u00eda de recuerdos Cocineritos Frisby Ver \u00e1lbum Valentine\u00b4s Day Ver \u00e1lbum Galer\u00eda de recuerdos Carnavalito Ver \u00e1lbum<\/p>\n","protected":false},"author":4,"featured_media":0,"parent":0,"menu_order":0,"comment_status":"closed","ping_status":"closed","template":"elementor_header_footer","meta":{"footnotes":""},"class_list":["post-2037","page","type-page","status-publish","hentry"],"_links":{"self":[{"href":"https:\/\/www.gimsaber.edu.co\/en\/wp-json\/wp\/v2\/pages\/2037","targetHints":{"allow":["GET"]}}],"collection":[{"href":"https:\/\/www.gimsaber.edu.co\/en\/wp-json\/wp\/v2\/pages"}],"about":[{"href":"https:\/\/www.gimsaber.edu.co\/en\/wp-json\/wp\/v2\/types\/page"}],"author":[{"embeddable":true,"href":"https:\/\/www.gimsaber.edu.co\/en\/wp-json\/wp\/v2\/users\/4"}],"replies":[{"embeddable":true,"href":"https:\/\/www.gimsaber.edu.co\/en\/wp-json\/wp\/v2\/comments?post=2037"}],"version-history":[{"count":4,"href":"https:\/\/www.gimsaber.edu.co\/en\/wp-json\/wp\/v2\/pages\/2037\/revisions"}],"predecessor-version":[{"id":14269,"href":"https:\/\/www.gimsaber.edu.co\/en\/wp-json\/wp\/v2\/pages\/2037\/revisions\/14269"}],"wp:attachment":[{"href":"https:\/\/www.gimsaber.edu.co\/en\/wp-json\/wp\/v2\/media?parent=2037"}],"curies":[{"name":"wp","href":"https:\/\/api.w.org\/{rel}","templated":true}]}}