{"id":226,"date":"2022-09-22T17:24:09","date_gmt":"2022-09-22T17:24:09","guid":{"rendered":"https:\/\/www.gimsaber.edu.co\/en\/?page_id=226"},"modified":"2022-09-22T17:58:47","modified_gmt":"2022-09-22T17:58:47","slug":"programas-academicos","status":"publish","type":"page","link":"https:\/\/www.gimsaber.edu.co\/en\/programas-academicos\/","title":{"rendered":"Programas Acad\u00e9micos"},"content":{"rendered":"\n<div class=\"card\" style=\"width: 43rem;\">\n  <img decoding=\"async\" src=\"https:\/\/www.gimsaber.edu.co\/en\/wp-content\/uploads\/2022\/09\/IMG_20220617_082440.png\" class=\"card-img-top\" alt=\"...\">\n  <div class=\"card-body\">\n    <p class=\"card-text\">El Gimsaber, con el prop\u00f3sito de potenciar el desarrollo de competencias cognitivas, comunicativas y afectivas en sus estudiantes, ha fortalecido su proceso de ense\u00f1anza aprendizaje a trav\u00e9s de la implementaci\u00f3n de nuevos programas, la incorporaci\u00f3n de herramientas tecnol\u00f3gicas (TIC) con un verdadero sentido pedag\u00f3gico y el desarrollo de c\u00e1tedras especiales.<\/p>\n  <\/div>\n<\/div>\n\n\n\n<div style=\"height:25px\" aria-hidden=\"true\" class=\"wp-block-spacer\"><\/div>\n\n\n\n<div class=\"row row-cols-1 row-cols-md-2 g-4\">\n  <div class=\"col\">\n    <div class=\"card\">\n      <img decoding=\"async\" src=\"https:\/\/www.gimsaber.edu.co\/en\/wp-content\/uploads\/2022\/09\/IMG_20220517_092008.png\" class=\"card-img-top\" alt=\"...\">\n      <div class=\"card-body\">\n        <h5 class=\"card-title\">PROGRAMA DE BILING\u00dcISMO<\/h5>\n        <p class=\"card-text\">El programa objeto de este documento es educativo e institucional, con el cual esperamos beneficiar a nuestros estudiantes y, en segundo lugar, al personal que labora en el colegio como apoyo al desarrollo de las competencias ling\u00fc\u00edsticas en ingl\u00e9s de los primeros.<\/p>\n      <\/div>\n    <\/div>\n  <\/div>\n  <div class=\"col\">\n    <div class=\"card\">\n      <img decoding=\"async\" src=\"https:\/\/www.gimsaber.edu.co\/en\/wp-content\/uploads\/2022\/09\/IMG_20220603_091106.png\" class=\"card-img-top\" alt=\"...\">\n      <div class=\"card-body\">\n        <h5 class=\"card-title\">INCORPORACI\u00d3N DE LAS TIC<\/h5>\n        <p class=\"card-text\">Con las TIC buscamos crear mejores ambientes de aprendizaje y dinamizar el rol del docente. Contamos con docentes capacitados en el uso de las TIC, 6 Laboratorios de Integraci\u00f3n Tecnol\u00f3gica y aulas de clase adecuadas con 1 video beam y un computador port\u00e1til de \u00faltima tecnolog\u00eda.<\/p>\n      <\/div>\n    <\/div>\n  <\/div>\n  <div class=\"col\">\n    <div class=\"card\">\n      <img decoding=\"async\" src=\"https:\/\/www.gimsaber.edu.co\/en\/wp-content\/uploads\/2022\/09\/IMG_20220517_092459.png\" class=\"card-img-top\" alt=\"...\">\n      <div class=\"card-body\">\n        <h5 class=\"card-title\">C\u00c1TEDRA DE PLAN LECTOR<\/h5>\n        <p class=\"card-text\">Incentiva el gusto por la lectura, promueve el h\u00e1bito lector y permite la aplicabilidad de las habilidades lectoras y las competencias intelectuales.<\/p>\n      <\/div>\n    <\/div>\n  <\/div>\n  <div class=\"col\">\n    <div class=\"card\">\n      <img decoding=\"async\" src=\"https:\/\/www.gimsaber.edu.co\/en\/wp-content\/uploads\/2022\/09\/IMG_20220517_094656.png\" class=\"card-img-top\" alt=\"...\">\n      <div class=\"card-body\">\n        <h5 class=\"card-title\">C\u00c1TEDRA DE DESTREZA DE PENSAMIENTO<\/h5>\n        <p class=\"card-text\">Desarrolla habilidades propias del pensamiento reflexivo y cr\u00edtico en los ni\u00f1os, por lo que se trabaja desde primer grado hasta quinto.\n<\/p>\n      <\/div>\n    <\/div>\n  <\/div>\n<\/div>\n","protected":false},"excerpt":{"rendered":"<p>El Gimsaber, con el prop\u00f3sito de potenciar el desarrollo de competencias cognitivas, comunicativas y afectivas en sus estudiantes, ha fortalecido su proceso de ense\u00f1anza aprendizaje a trav\u00e9s de la implementaci\u00f3n de nuevos programas, la incorporaci\u00f3n de herramientas tecnol\u00f3gicas (TIC) con un verdadero sentido pedag\u00f3gico y el desarrollo de c\u00e1tedras especiales. PROGRAMA DE BILING\u00dcISMO El programa [&hellip;]<\/p>\n","protected":false},"author":4,"featured_media":0,"parent":0,"menu_order":0,"comment_status":"closed","ping_status":"closed","template":"","meta":{"footnotes":""},"class_list":["post-226","page","type-page","status-publish","hentry"],"_links":{"self":[{"href":"https:\/\/www.gimsaber.edu.co\/en\/wp-json\/wp\/v2\/pages\/226","targetHints":{"allow":["GET"]}}],"collection":[{"href":"https:\/\/www.gimsaber.edu.co\/en\/wp-json\/wp\/v2\/pages"}],"about":[{"href":"https:\/\/www.gimsaber.edu.co\/en\/wp-json\/wp\/v2\/types\/page"}],"author":[{"embeddable":true,"href":"https:\/\/www.gimsaber.edu.co\/en\/wp-json\/wp\/v2\/users\/4"}],"replies":[{"embeddable":true,"href":"https:\/\/www.gimsaber.edu.co\/en\/wp-json\/wp\/v2\/comments?post=226"}],"version-history":[{"count":16,"href":"https:\/\/www.gimsaber.edu.co\/en\/wp-json\/wp\/v2\/pages\/226\/revisions"}],"predecessor-version":[{"id":261,"href":"https:\/\/www.gimsaber.edu.co\/en\/wp-json\/wp\/v2\/pages\/226\/revisions\/261"}],"wp:attachment":[{"href":"https:\/\/www.gimsaber.edu.co\/en\/wp-json\/wp\/v2\/media?parent=226"}],"curies":[{"name":"wp","href":"https:\/\/api.w.org\/{rel}","templated":true}]}}