{"id":262,"date":"2022-09-22T18:00:26","date_gmt":"2022-09-22T18:00:26","guid":{"rendered":"https:\/\/www.gimsaber.edu.co\/en\/?page_id=262"},"modified":"2025-07-28T11:37:14","modified_gmt":"2025-07-28T16:37:14","slug":"live-bienestar","status":"publish","type":"page","link":"https:\/\/www.gimsaber.edu.co\/en\/live-bienestar\/","title":{"rendered":"Bienestar"},"content":{"rendered":"\t\t<div data-elementor-type=\"wp-page\" data-elementor-id=\"262\" class=\"elementor elementor-262\">\n\t\t\t\t<div class=\"elementor-element elementor-element-66b7aa83 e-flex e-con-boxed e-con e-parent\" data-id=\"66b7aa83\" data-element_type=\"container\">\n\t\t\t\t\t<div class=\"e-con-inner\">\n\t\t\t\t<div class=\"elementor-element elementor-element-bb801ba elementor-widget elementor-widget-text-editor\" data-id=\"bb801ba\" data-element_type=\"widget\" data-widget_type=\"text-editor.default\">\n\t\t\t\t<div class=\"elementor-widget-container\">\n\t\t\t\t\t\t\t\t\t\n<div class=\"card mb-3\"><img fetchpriority=\"high\" decoding=\"async\" class=\"alignnone wp-image-14466 size-full\" src=\"https:\/\/www.gimsaber.edu.co\/en\/wp-content\/uploads\/2025\/07\/AJUSTES-WEB-GIMSABER_Mesa-de-trabajo-1-scaled.jpg\" alt=\"\" width=\"2560\" height=\"980\" srcset=\"https:\/\/www.gimsaber.edu.co\/en\/wp-content\/uploads\/2025\/07\/AJUSTES-WEB-GIMSABER_Mesa-de-trabajo-1-scaled.jpg 2560w, https:\/\/www.gimsaber.edu.co\/en\/wp-content\/uploads\/2025\/07\/AJUSTES-WEB-GIMSABER_Mesa-de-trabajo-1-300x115.jpg 300w, https:\/\/www.gimsaber.edu.co\/en\/wp-content\/uploads\/2025\/07\/AJUSTES-WEB-GIMSABER_Mesa-de-trabajo-1-1024x392.jpg 1024w, https:\/\/www.gimsaber.edu.co\/en\/wp-content\/uploads\/2025\/07\/AJUSTES-WEB-GIMSABER_Mesa-de-trabajo-1-768x294.jpg 768w, https:\/\/www.gimsaber.edu.co\/en\/wp-content\/uploads\/2025\/07\/AJUSTES-WEB-GIMSABER_Mesa-de-trabajo-1-1536x588.jpg 1536w, https:\/\/www.gimsaber.edu.co\/en\/wp-content\/uploads\/2025\/07\/AJUSTES-WEB-GIMSABER_Mesa-de-trabajo-1-2048x784.jpg 2048w\" sizes=\"(max-width: 2560px) 100vw, 2560px\" \/><br \/>\n<div class=\"card-body\">\n<h5 class=\"card-title\">Conoce Mas!<\/h5>\n<p class=\"card-text\">Bienestar Estudiantil es el \u00e1rea encargada de garantizar que la poblaci\u00f3n estudiantil se encuentre en condiciones optimas para recibir una adecuada formaci\u00f3n y educaci\u00f3n, prestando toda la colaboraci\u00f3n y apoyo en los aspectos acad\u00e9micos, personal, social y psicol\u00f3gicos; que apunten al bienestar y desarrollo personal del estudiante Gimsaber. Igualmente coordina todas las actividades y proyectos encaminados a una formaci\u00f3n plena de los estudiantes mediante el desarrollo de los programas de educaci\u00f3n sexual, buen trato, orientaci\u00f3n vocacional, servicio social, convivencias, escuelas de padres y la ejecuci\u00f3n del proceso de atenci\u00f3n y orientaci\u00f3n sicol\u00f3gica individual y grupal.<\/p>\n<p class=\"card-text\"><small class=\"text-muted\">Last updated 3 mins ago<\/small><\/p>\n<\/div>\n<\/div>\n\n<div class=\"wp-block-spacer\" style=\"height: 25px;\" aria-hidden=\"true\">\u00a0<\/div>\n\n<div class=\"row row-cols-1 row-cols-md-2 g-4\">\n<div class=\"col\">\n<div class=\"card\"><img decoding=\"async\" class=\"alignnone wp-image-14467 size-full\" src=\"https:\/\/www.gimsaber.edu.co\/en\/wp-content\/uploads\/2025\/07\/AJUSTES-WEB-GIMSABER-02-scaled.jpg\" alt=\"\" width=\"2560\" height=\"709\" srcset=\"https:\/\/www.gimsaber.edu.co\/en\/wp-content\/uploads\/2025\/07\/AJUSTES-WEB-GIMSABER-02-scaled.jpg 2560w, https:\/\/www.gimsaber.edu.co\/en\/wp-content\/uploads\/2025\/07\/AJUSTES-WEB-GIMSABER-02-300x83.jpg 300w, https:\/\/www.gimsaber.edu.co\/en\/wp-content\/uploads\/2025\/07\/AJUSTES-WEB-GIMSABER-02-1024x284.jpg 1024w, https:\/\/www.gimsaber.edu.co\/en\/wp-content\/uploads\/2025\/07\/AJUSTES-WEB-GIMSABER-02-768x213.jpg 768w, https:\/\/www.gimsaber.edu.co\/en\/wp-content\/uploads\/2025\/07\/AJUSTES-WEB-GIMSABER-02-1536x425.jpg 1536w, https:\/\/www.gimsaber.edu.co\/en\/wp-content\/uploads\/2025\/07\/AJUSTES-WEB-GIMSABER-02-2048x567.jpg 2048w\" sizes=\"(max-width: 2560px) 100vw, 2560px\" \/><br \/>\n<div class=\"card-body\">\n<h5 class=\"card-title\">Proposito<\/h5>\n<p class=\"card-text\">Proporcionar el apoyo necesario en la formaci\u00f3n integral de los estudiantes Gimsaber, considerando sus necesidades individuales, educativas, familiares y emocionales para lograr un rendimiento \u00f3ptimo y lograr el desarrollo de sus potenciales.<\/p>\n<\/div>\n<\/div>\n<\/div>\n<div class=\"col\">\n<div class=\"card\"><img decoding=\"async\" class=\"alignnone wp-image-14468 size-full\" src=\"https:\/\/www.gimsaber.edu.co\/en\/wp-content\/uploads\/2025\/07\/AJUSTES-WEB-GIMSABER-04-scaled.jpg\" alt=\"\" width=\"2560\" height=\"709\" srcset=\"https:\/\/www.gimsaber.edu.co\/en\/wp-content\/uploads\/2025\/07\/AJUSTES-WEB-GIMSABER-04-scaled.jpg 2560w, https:\/\/www.gimsaber.edu.co\/en\/wp-content\/uploads\/2025\/07\/AJUSTES-WEB-GIMSABER-04-300x83.jpg 300w, https:\/\/www.gimsaber.edu.co\/en\/wp-content\/uploads\/2025\/07\/AJUSTES-WEB-GIMSABER-04-1024x284.jpg 1024w, https:\/\/www.gimsaber.edu.co\/en\/wp-content\/uploads\/2025\/07\/AJUSTES-WEB-GIMSABER-04-768x213.jpg 768w, https:\/\/www.gimsaber.edu.co\/en\/wp-content\/uploads\/2025\/07\/AJUSTES-WEB-GIMSABER-04-1536x425.jpg 1536w, https:\/\/www.gimsaber.edu.co\/en\/wp-content\/uploads\/2025\/07\/AJUSTES-WEB-GIMSABER-04-2048x567.jpg 2048w\" sizes=\"(max-width: 2560px) 100vw, 2560px\" \/><br \/>\n<div class=\"card-body\">\n<h5 class=\"card-title\">Objetivos<\/h5>\n<h6 class=\"card-title\">Objetivo General<\/h6>\n<p class=\"card-text\">Apoyar a la comunidad estudiantil a trav\u00e9s del desarrollo de diferentes actividades y programas que permitan contribuir en la formaci\u00f3n integral y rendimiento acad\u00e9mico de los estudiantes mediante una acci\u00f3n conjunta de trabajo interdisciplinario. (psicolog\u00eda, convivencias escolares, padres de familia, coordinaci\u00f3n acad\u00e9mica, docentes, intervenci\u00f3n de red de sicol\u00f3gica externa, programas de recreacion y deportes).<\/p>\n<h6 class=\"card-title\">Objetivos Espec\u00edficos<\/h6>\n<p class=\"card-text\">1. Promover y ejecutar actividades que propendan al desarrollo de los estudiantes en el aspecto acad\u00e9mico.<\/p>\n<p class=\"card-text\">2. Orientar y asesorar a la poblaci\u00f3n estudiantil de acuerdo a la problem\u00e1tica que confrontan.<\/p>\n<p class=\"card-text\">3. Impulsar programas de prevenci\u00f3n, educaci\u00f3n y formaci\u00f3n en salud, cultura, deporte, recreaci\u00f3n y promoci\u00f3n social.<\/p>\n<p class=\"card-text\">4. Ofrecer a los estudiantes actividades que permitan desarrollar valores y actividades human\u00edsticas acordes a la filosof\u00eda institucional.<\/p>\n<p class=\"card-text\">5. Colaborar en las programaciones institucionales a fin de que estas se ajusten a las caracter\u00edsticas y necesidades de la poblaci\u00f3n estudiantil.<\/p>\n<p class=\"card-text\">6. Evaluar a nivel sicol\u00f3gico a los estudiantes y remitir a atenci\u00f3n profesional externa a los estudiantes que lo requieren.<\/p>\n<\/div>\n<\/div>\n<\/div>\n<div class=\"col\">\n<div class=\"card\"><img loading=\"lazy\" decoding=\"async\" class=\"alignnone wp-image-14469 size-full\" src=\"https:\/\/www.gimsaber.edu.co\/en\/wp-content\/uploads\/2025\/07\/AJUSTES-WEB-GIMSABER-06-scaled.jpg\" alt=\"\" width=\"2560\" height=\"709\" srcset=\"https:\/\/www.gimsaber.edu.co\/en\/wp-content\/uploads\/2025\/07\/AJUSTES-WEB-GIMSABER-06-scaled.jpg 2560w, https:\/\/www.gimsaber.edu.co\/en\/wp-content\/uploads\/2025\/07\/AJUSTES-WEB-GIMSABER-06-300x83.jpg 300w, https:\/\/www.gimsaber.edu.co\/en\/wp-content\/uploads\/2025\/07\/AJUSTES-WEB-GIMSABER-06-1024x284.jpg 1024w, https:\/\/www.gimsaber.edu.co\/en\/wp-content\/uploads\/2025\/07\/AJUSTES-WEB-GIMSABER-06-768x213.jpg 768w, https:\/\/www.gimsaber.edu.co\/en\/wp-content\/uploads\/2025\/07\/AJUSTES-WEB-GIMSABER-06-1536x425.jpg 1536w, https:\/\/www.gimsaber.edu.co\/en\/wp-content\/uploads\/2025\/07\/AJUSTES-WEB-GIMSABER-06-2048x567.jpg 2048w\" sizes=\"(max-width: 2560px) 100vw, 2560px\" \/><br \/>\n<div class=\"card-body\">\n<h5 class=\"card-title\">Convivencia<\/h5>\n<p class=\"card-text\">Este espacio le permite al estudiante recrearse y divertirse; pero adem\u00e1s su objetivo principal es la reflexi\u00f3n, socializaci\u00f3n y convivencia pac\u00edfica de la comunidad educativa. Bienestar Estudiantil en 2012 tendr\u00e1 como base los valores de la convivencia encaminados a la integraci\u00f3n y reflexi\u00f3n de la sana convivencia. Y como tema central se trabajar\u00e1 el Liderazgo para fomentar entre los estudiantes el desarrollo de las capacidades que posee un l\u00edder actual. Los temas y talleres se trabajaran por grados de escolaridad.<\/p>\n<\/div>\n<\/div>\n<\/div>\n<div class=\"col\">\n<div class=\"card\"><img loading=\"lazy\" decoding=\"async\" class=\"alignnone wp-image-14470 size-full\" src=\"https:\/\/www.gimsaber.edu.co\/en\/wp-content\/uploads\/2025\/07\/AJUSTES-WEB-GIMSABER-03-scaled.jpg\" alt=\"\" width=\"2560\" height=\"709\" srcset=\"https:\/\/www.gimsaber.edu.co\/en\/wp-content\/uploads\/2025\/07\/AJUSTES-WEB-GIMSABER-03-scaled.jpg 2560w, https:\/\/www.gimsaber.edu.co\/en\/wp-content\/uploads\/2025\/07\/AJUSTES-WEB-GIMSABER-03-300x83.jpg 300w, https:\/\/www.gimsaber.edu.co\/en\/wp-content\/uploads\/2025\/07\/AJUSTES-WEB-GIMSABER-03-1024x284.jpg 1024w, https:\/\/www.gimsaber.edu.co\/en\/wp-content\/uploads\/2025\/07\/AJUSTES-WEB-GIMSABER-03-768x213.jpg 768w, https:\/\/www.gimsaber.edu.co\/en\/wp-content\/uploads\/2025\/07\/AJUSTES-WEB-GIMSABER-03-1536x425.jpg 1536w, https:\/\/www.gimsaber.edu.co\/en\/wp-content\/uploads\/2025\/07\/AJUSTES-WEB-GIMSABER-03-2048x567.jpg 2048w\" sizes=\"(max-width: 2560px) 100vw, 2560px\" \/><br \/>\n<div class=\"card-body\">\n<h5 class=\"card-title\">Educaci\u00f3n Sexual<\/h5>\n<p class=\"card-text\">Teniendo en cuenta la disposici\u00f3n del Ministerio de Educaci\u00f3n Nacional sobre el proyecto de Educaci\u00f3n Sexual y Construcci\u00f3n de la Ciudadan\u00eda, cuyo objetivo es contribuir en el ejercicio de los derechos humanos, sexuales y reproductivos en ni\u00f1os, ni\u00f1as, adolescentes y j\u00f3venes, en el marco de los esfuerzos del pa\u00eds por mejorar la calidad de vida de la poblaci\u00f3n, promover la inclusi\u00f3n social y solucionar pac\u00edficamente los conflictos. Los talleres educativos se realizan en los diferentes grados teniendo en cuenta la escolaridad y necesidades de cada grupo.<\/p>\n<p class=\"card-text\">La culminaci\u00f3n de los talleres educativos permite generar una actitud reflexiva frente a la sexualidad individual y grupal, logrando adem\u00e1s una elevaci\u00f3n de los niveles de autoestima, respeto por s\u00ed mismo y por su cuerpo, lo m\u00e1s importante de todo es que actualmente los estudiantes ya son capaces de reconocer y reaccionar ante los temas de la sexualidad.<\/p>\n<\/div>\n<\/div>\n<\/div>\n<\/div>\n\t\t\t\t\t\t\t\t<\/div>\n\t\t\t\t<\/div>\n\t\t\t\t\t<\/div>\n\t\t\t\t<\/div>\n\t\t\t\t<\/div>\n\t\t","protected":false},"excerpt":{"rendered":"<p>Conoce Mas! Bienestar Estudiantil es el \u00e1rea encargada de garantizar que la poblaci\u00f3n estudiantil se encuentre en condiciones optimas para recibir una adecuada formaci\u00f3n y educaci\u00f3n, prestando toda la colaboraci\u00f3n y apoyo en los aspectos acad\u00e9micos, personal, social y psicol\u00f3gicos; que apunten al bienestar y desarrollo personal del estudiante Gimsaber. Igualmente coordina todas las actividades [&hellip;]<\/p>\n","protected":false},"author":4,"featured_media":0,"parent":0,"menu_order":0,"comment_status":"closed","ping_status":"closed","template":"elementor_header_footer","meta":{"footnotes":""},"class_list":["post-262","page","type-page","status-publish","hentry"],"_links":{"self":[{"href":"https:\/\/www.gimsaber.edu.co\/en\/wp-json\/wp\/v2\/pages\/262","targetHints":{"allow":["GET"]}}],"collection":[{"href":"https:\/\/www.gimsaber.edu.co\/en\/wp-json\/wp\/v2\/pages"}],"about":[{"href":"https:\/\/www.gimsaber.edu.co\/en\/wp-json\/wp\/v2\/types\/page"}],"author":[{"embeddable":true,"href":"https:\/\/www.gimsaber.edu.co\/en\/wp-json\/wp\/v2\/users\/4"}],"replies":[{"embeddable":true,"href":"https:\/\/www.gimsaber.edu.co\/en\/wp-json\/wp\/v2\/comments?post=262"}],"version-history":[{"count":33,"href":"https:\/\/www.gimsaber.edu.co\/en\/wp-json\/wp\/v2\/pages\/262\/revisions"}],"predecessor-version":[{"id":14484,"href":"https:\/\/www.gimsaber.edu.co\/en\/wp-json\/wp\/v2\/pages\/262\/revisions\/14484"}],"wp:attachment":[{"href":"https:\/\/www.gimsaber.edu.co\/en\/wp-json\/wp\/v2\/media?parent=262"}],"curies":[{"name":"wp","href":"https:\/\/api.w.org\/{rel}","templated":true}]}}