{"id":3390,"date":"2023-02-09T06:23:07","date_gmt":"2023-02-09T11:23:07","guid":{"rendered":"https:\/\/www.gimsaber.edu.co\/en\/?page_id=3390"},"modified":"2025-11-04T10:42:33","modified_gmt":"2025-11-04T15:42:33","slug":"system-house","status":"publish","type":"page","link":"https:\/\/www.gimsaber.edu.co\/en\/system-house\/","title":{"rendered":"House System"},"content":{"rendered":"\t\t<div data-elementor-type=\"wp-page\" data-elementor-id=\"3390\" class=\"elementor elementor-3390\">\n\t\t\t\t\t\t<section class=\"elementor-section elementor-top-section elementor-element elementor-element-98ede2e elementor-section-boxed elementor-section-height-default elementor-section-height-default\" data-id=\"98ede2e\" data-element_type=\"section\">\n\t\t\t\t\t\t<div class=\"elementor-container elementor-column-gap-default\">\n\t\t\t\t\t<div class=\"elementor-column elementor-col-100 elementor-top-column elementor-element elementor-element-88214d9\" data-id=\"88214d9\" data-element_type=\"column\">\n\t\t\t<div class=\"elementor-widget-wrap\">\n\t\t\t\t\t\t\t<\/div>\n\t\t<\/div>\n\t\t\t\t\t<\/div>\n\t\t<\/section>\n\t\t<div class=\"elementor-element elementor-element-6f2757a e-flex e-con-boxed e-con e-parent\" data-id=\"6f2757a\" data-element_type=\"container\">\n\t\t\t\t\t<div class=\"e-con-inner\">\n\t\t\t\t<div class=\"elementor-element elementor-element-39eeb4b elementor-widget elementor-widget-image\" data-id=\"39eeb4b\" data-element_type=\"widget\" data-widget_type=\"image.default\">\n\t\t\t\t<div class=\"elementor-widget-container\">\n\t\t\t\t\t\t\t\t\t\t\t\t\t\t\t<img fetchpriority=\"high\" decoding=\"async\" width=\"2096\" height=\"1010\" src=\"https:\/\/www.gimsaber.edu.co\/en\/wp-content\/uploads\/2023\/07\/House-System_001-2.jpg\" class=\"attachment-full size-full wp-image-4079\" alt=\"\" srcset=\"https:\/\/www.gimsaber.edu.co\/en\/wp-content\/uploads\/2023\/07\/House-System_001-2.jpg 2096w, https:\/\/www.gimsaber.edu.co\/en\/wp-content\/uploads\/2023\/07\/House-System_001-2-300x145.jpg 300w, https:\/\/www.gimsaber.edu.co\/en\/wp-content\/uploads\/2023\/07\/House-System_001-2-1024x493.jpg 1024w, https:\/\/www.gimsaber.edu.co\/en\/wp-content\/uploads\/2023\/07\/House-System_001-2-768x370.jpg 768w, https:\/\/www.gimsaber.edu.co\/en\/wp-content\/uploads\/2023\/07\/House-System_001-2-1536x740.jpg 1536w, https:\/\/www.gimsaber.edu.co\/en\/wp-content\/uploads\/2023\/07\/House-System_001-2-2048x987.jpg 2048w\" sizes=\"(max-width: 2096px) 100vw, 2096px\" \/>\t\t\t\t\t\t\t\t\t\t\t\t\t\t\t<\/div>\n\t\t\t\t<\/div>\n\t\t\t\t\t<\/div>\n\t\t\t\t<\/div>\n\t\t\t\t<section class=\"elementor-section elementor-top-section elementor-element elementor-element-7109a5d elementor-section-boxed elementor-section-height-default elementor-section-height-default\" data-id=\"7109a5d\" data-element_type=\"section\">\n\t\t\t\t\t\t<div class=\"elementor-container elementor-column-gap-default\">\n\t\t\t\t\t<div class=\"elementor-column elementor-col-66 elementor-top-column elementor-element elementor-element-1393735\" data-id=\"1393735\" data-element_type=\"column\">\n\t\t\t<div class=\"elementor-widget-wrap elementor-element-populated\">\n\t\t\t\t\t\t<div class=\"elementor-element elementor-element-8e8118c elementor-widget elementor-widget-text-editor\" data-id=\"8e8118c\" data-element_type=\"widget\" data-widget_type=\"text-editor.default\">\n\t\t\t\t<div class=\"elementor-widget-container\">\n\t\t\t\t\t\t\t\t\t<p>El sistema de casas es una tradici\u00f3n de las escuelas brit\u00e1nicas. En el Gimnasio del Saber se establece para la mayor integraci\u00f3n de las familias, el liderazgo de estudiantes competitivos en todas las \u00e1reas del saber, el fortalecimiento de los valores, el trabajo en equipo, el sentido de pertenencia y la esencia primordial de sana convivencia.\u00a0<span style=\"color: var( --e-global-color-text ); font-family: var( --e-global-typography-text-font-family ), Sans-serif; font-weight: var( --e-global-typography-text-font-weight ); font-size: 1rem; font-style: inherit; text-transform: inherit;\">El sistema de casas est\u00e1 representado en los cuatro elementos \u201cTierra- Agua- Aire- Fuego\u201d\u00a0<\/span><span style=\"color: var( --e-global-color-text ); font-family: var( --e-global-typography-text-font-family ), Sans-serif; font-weight: var( --e-global-typography-text-font-weight ); font-size: 1rem; font-style: inherit; text-transform: inherit;\">(Earth- Water- Air- Fire) en donde cada estudiante a igual que su grupo familiar hacen parte y\u00a0<\/span><span style=\"color: var( --e-global-color-text ); font-family: var( --e-global-typography-text-font-family ), Sans-serif; font-weight: var( --e-global-typography-text-font-weight ); font-size: 1rem; font-style: inherit; text-transform: inherit;\">deber\u00e1n lograr obtener el triunfo al final del a\u00f1o escolar y conseguir levantar la copa de la\u00a0<\/span><span style=\"color: var( --e-global-color-text ); font-family: var( --e-global-typography-text-font-family ), Sans-serif; font-weight: var( --e-global-typography-text-font-weight ); font-size: 1rem; font-style: inherit; text-transform: inherit;\">victoria.<\/span><\/p>\t\t\t\t\t\t\t\t<\/div>\n\t\t\t\t<\/div>\n\t\t\t\t\t<\/div>\n\t\t<\/div>\n\t\t\t\t<div class=\"elementor-column elementor-col-33 elementor-top-column elementor-element elementor-element-eb5f2d0\" data-id=\"eb5f2d0\" data-element_type=\"column\">\n\t\t\t<div class=\"elementor-widget-wrap elementor-element-populated\">\n\t\t\t\t\t\t<div class=\"elementor-element elementor-element-1c49e2d elementor-widget elementor-widget-image\" data-id=\"1c49e2d\" data-element_type=\"widget\" data-widget_type=\"image.default\">\n\t\t\t\t<div class=\"elementor-widget-container\">\n\t\t\t\t\t\t\t\t\t\t\t\t\t\t\t<img decoding=\"async\" width=\"511\" height=\"488\" src=\"https:\/\/www.gimsaber.edu.co\/en\/wp-content\/uploads\/2023\/07\/Logos_Casas.png\" class=\"attachment-medium_large size-medium_large wp-image-4213\" alt=\"\" srcset=\"https:\/\/www.gimsaber.edu.co\/en\/wp-content\/uploads\/2023\/07\/Logos_Casas.png 511w, https:\/\/www.gimsaber.edu.co\/en\/wp-content\/uploads\/2023\/07\/Logos_Casas-300x286.png 300w\" sizes=\"(max-width: 511px) 100vw, 511px\" \/>\t\t\t\t\t\t\t\t\t\t\t\t\t\t\t<\/div>\n\t\t\t\t<\/div>\n\t\t\t\t\t<\/div>\n\t\t<\/div>\n\t\t\t\t\t<\/div>\n\t\t<\/section>\n\t\t\t\t<section class=\"elementor-section elementor-top-section elementor-element elementor-element-a2b55be elementor-section-boxed elementor-section-height-default elementor-section-height-default\" data-id=\"a2b55be\" data-element_type=\"section\">\n\t\t\t\t\t\t<div class=\"elementor-container elementor-column-gap-default\">\n\t\t\t\t\t<div class=\"elementor-column elementor-col-100 elementor-top-column elementor-element elementor-element-48ff99b\" data-id=\"48ff99b\" data-element_type=\"column\">\n\t\t\t<div class=\"elementor-widget-wrap\">\n\t\t\t\t\t\t\t<\/div>\n\t\t<\/div>\n\t\t\t\t\t<\/div>\n\t\t<\/section>\n\t\t\t\t<section class=\"elementor-section elementor-top-section elementor-element elementor-element-fcece4a elementor-section-boxed elementor-section-height-default elementor-section-height-default\" data-id=\"fcece4a\" data-element_type=\"section\">\n\t\t\t\t\t\t<div class=\"elementor-container elementor-column-gap-default\">\n\t\t\t\t\t<div class=\"elementor-column elementor-col-25 elementor-top-column elementor-element elementor-element-7d4bad1\" data-id=\"7d4bad1\" data-element_type=\"column\">\n\t\t\t<div class=\"elementor-widget-wrap elementor-element-populated\">\n\t\t\t\t\t\t<div class=\"elementor-element elementor-element-5b739f0 elementor-widget elementor-widget-counter\" data-id=\"5b739f0\" data-element_type=\"widget\" data-widget_type=\"counter.default\">\n\t\t\t\t<div class=\"elementor-widget-container\">\n\t\t\t\t\t\t\t<div class=\"elementor-counter\">\n\t\t\t<div class=\"elementor-counter-title\">Fire House<\/div>\t\t\t<div class=\"elementor-counter-number-wrapper\">\n\t\t\t\t<span class=\"elementor-counter-number-prefix\"><\/span>\n\t\t\t\t<span class=\"elementor-counter-number\" data-duration=\"2000\" data-to-value=\"62\" data-from-value=\"1\" data-delimiter=\",\">1<\/span>\n\t\t\t\t<span class=\"elementor-counter-number-suffix\"><\/span>\n\t\t\t<\/div>\n\t\t<\/div>\n\t\t\t\t\t\t<\/div>\n\t\t\t\t<\/div>\n\t\t\t\t\t<\/div>\n\t\t<\/div>\n\t\t\t\t<div class=\"elementor-column elementor-col-25 elementor-top-column elementor-element elementor-element-497c511\" data-id=\"497c511\" data-element_type=\"column\">\n\t\t\t<div class=\"elementor-widget-wrap elementor-element-populated\">\n\t\t\t\t\t\t<div class=\"elementor-element elementor-element-6fa6e3c elementor-widget elementor-widget-counter\" data-id=\"6fa6e3c\" data-element_type=\"widget\" data-widget_type=\"counter.default\">\n\t\t\t\t<div class=\"elementor-widget-container\">\n\t\t\t\t\t\t\t<div class=\"elementor-counter\">\n\t\t\t<div class=\"elementor-counter-title\">Air House<\/div>\t\t\t<div class=\"elementor-counter-number-wrapper\">\n\t\t\t\t<span class=\"elementor-counter-number-prefix\"><\/span>\n\t\t\t\t<span class=\"elementor-counter-number\" data-duration=\"2000\" data-to-value=\"53\" data-from-value=\"1\" data-delimiter=\",\">1<\/span>\n\t\t\t\t<span class=\"elementor-counter-number-suffix\"><\/span>\n\t\t\t<\/div>\n\t\t<\/div>\n\t\t\t\t\t\t<\/div>\n\t\t\t\t<\/div>\n\t\t\t\t\t<\/div>\n\t\t<\/div>\n\t\t\t\t<div class=\"elementor-column elementor-col-25 elementor-top-column elementor-element elementor-element-3ded33b\" data-id=\"3ded33b\" data-element_type=\"column\">\n\t\t\t<div class=\"elementor-widget-wrap elementor-element-populated\">\n\t\t\t\t\t\t<div class=\"elementor-element elementor-element-6abc943 elementor-widget elementor-widget-counter\" data-id=\"6abc943\" data-element_type=\"widget\" data-widget_type=\"counter.default\">\n\t\t\t\t<div class=\"elementor-widget-container\">\n\t\t\t\t\t\t\t<div class=\"elementor-counter\">\n\t\t\t<div class=\"elementor-counter-title\">Earth House<\/div>\t\t\t<div class=\"elementor-counter-number-wrapper\">\n\t\t\t\t<span class=\"elementor-counter-number-prefix\"><\/span>\n\t\t\t\t<span class=\"elementor-counter-number\" data-duration=\"2000\" data-to-value=\"35\" data-from-value=\"1\" data-delimiter=\",\">1<\/span>\n\t\t\t\t<span class=\"elementor-counter-number-suffix\"><\/span>\n\t\t\t<\/div>\n\t\t<\/div>\n\t\t\t\t\t\t<\/div>\n\t\t\t\t<\/div>\n\t\t\t\t\t<\/div>\n\t\t<\/div>\n\t\t\t\t<div class=\"elementor-column elementor-col-25 elementor-top-column elementor-element elementor-element-b56bc64\" data-id=\"b56bc64\" data-element_type=\"column\">\n\t\t\t<div class=\"elementor-widget-wrap elementor-element-populated\">\n\t\t\t\t\t\t<div class=\"elementor-element elementor-element-7075ef1 elementor-widget elementor-widget-counter\" data-id=\"7075ef1\" data-element_type=\"widget\" data-widget_type=\"counter.default\">\n\t\t\t\t<div class=\"elementor-widget-container\">\n\t\t\t\t\t\t\t<div class=\"elementor-counter\">\n\t\t\t<div class=\"elementor-counter-title\">Water House<\/div>\t\t\t<div class=\"elementor-counter-number-wrapper\">\n\t\t\t\t<span class=\"elementor-counter-number-prefix\"><\/span>\n\t\t\t\t<span class=\"elementor-counter-number\" data-duration=\"2000\" data-to-value=\"54\" data-from-value=\"1\" data-delimiter=\",\">1<\/span>\n\t\t\t\t<span class=\"elementor-counter-number-suffix\"><\/span>\n\t\t\t<\/div>\n\t\t<\/div>\n\t\t\t\t\t\t<\/div>\n\t\t\t\t<\/div>\n\t\t\t\t\t<\/div>\n\t\t<\/div>\n\t\t\t\t\t<\/div>\n\t\t<\/section>\n\t\t\t\t<section class=\"elementor-section elementor-top-section elementor-element elementor-element-d166ca7 elementor-section-content-top elementor-section-boxed elementor-section-height-default elementor-section-height-default\" data-id=\"d166ca7\" data-element_type=\"section\">\n\t\t\t\t\t\t<div class=\"elementor-container elementor-column-gap-default\">\n\t\t\t\t\t<div class=\"elementor-column elementor-col-25 elementor-top-column elementor-element elementor-element-55a3d5f\" data-id=\"55a3d5f\" data-element_type=\"column\">\n\t\t\t<div class=\"elementor-widget-wrap elementor-element-populated\">\n\t\t\t\t\t\t<div class=\"elementor-element elementor-element-51f6ca4 elementor-widget elementor-widget-html\" data-id=\"51f6ca4\" data-element_type=\"widget\" data-widget_type=\"html.default\">\n\t\t\t\t<div class=\"elementor-widget-container\">\n\t\t\t\t\t<div class=\"card\" style=\"width: 18rem;\">\r\n  <img decoding=\"async\" src=\"https:\/\/www.gimsaber.edu.co\/en\/wp-content\/uploads\/2023\/07\/Fuego.png\" class=\"card-img-top\" alt=\"...\">\r\n  <div class=\"card-body\">\r\n    <a href=\"#\" class=\"btn btn-primary btn-sm\">Visitar<\/a>\r\n  <\/div>\r\n<\/div>\t\t\t\t<\/div>\n\t\t\t\t<\/div>\n\t\t\t\t\t<\/div>\n\t\t<\/div>\n\t\t\t\t<div class=\"elementor-column elementor-col-25 elementor-top-column elementor-element elementor-element-ab24506\" data-id=\"ab24506\" data-element_type=\"column\">\n\t\t\t<div class=\"elementor-widget-wrap elementor-element-populated\">\n\t\t\t\t\t\t<div class=\"elementor-element elementor-element-edaab6f elementor-widget elementor-widget-html\" data-id=\"edaab6f\" data-element_type=\"widget\" data-widget_type=\"html.default\">\n\t\t\t\t<div class=\"elementor-widget-container\">\n\t\t\t\t\t<div class=\"card\" style=\"width: 18rem;\">\r\n  <img decoding=\"async\" src=\"https:\/\/www.gimsaber.edu.co\/en\/wp-content\/uploads\/2023\/07\/Aire.png\" class=\"card-img-top\" alt=\"...\">\r\n  <div class=\"card-body\">\r\n    <a href=\"#\" class=\"btn btn-primary btn-sm\">Visitar<\/a>\r\n  <\/div>\r\n<\/div>\t\t\t\t<\/div>\n\t\t\t\t<\/div>\n\t\t\t\t\t<\/div>\n\t\t<\/div>\n\t\t\t\t<div class=\"elementor-column elementor-col-25 elementor-top-column elementor-element elementor-element-188884f\" data-id=\"188884f\" data-element_type=\"column\">\n\t\t\t<div class=\"elementor-widget-wrap elementor-element-populated\">\n\t\t\t\t\t\t<div class=\"elementor-element elementor-element-b0887e7 elementor-widget elementor-widget-html\" data-id=\"b0887e7\" data-element_type=\"widget\" data-widget_type=\"html.default\">\n\t\t\t\t<div class=\"elementor-widget-container\">\n\t\t\t\t\t<div class=\"card\" style=\"width: 18rem;\">\r\n  <img decoding=\"async\" src=\"https:\/\/www.gimsaber.edu.co\/en\/wp-content\/uploads\/2023\/07\/Tierra.png\" class=\"card-img-top\" alt=\"...\">\r\n  <div class=\"card-body\">\r\n    <a href=\"#\" class=\"btn btn-primary btn-sm\">Visitar<\/a>\r\n  <\/div>\r\n<\/div>\t\t\t\t<\/div>\n\t\t\t\t<\/div>\n\t\t\t\t\t<\/div>\n\t\t<\/div>\n\t\t\t\t<div class=\"elementor-column elementor-col-25 elementor-top-column elementor-element elementor-element-d8817f2\" data-id=\"d8817f2\" data-element_type=\"column\">\n\t\t\t<div class=\"elementor-widget-wrap elementor-element-populated\">\n\t\t\t\t\t\t<div class=\"elementor-element elementor-element-4ec7d3f elementor-widget elementor-widget-html\" data-id=\"4ec7d3f\" data-element_type=\"widget\" data-widget_type=\"html.default\">\n\t\t\t\t<div class=\"elementor-widget-container\">\n\t\t\t\t\t<div class=\"card\" style=\"width: 18rem;\">\r\n  <img decoding=\"async\" src=\"https:\/\/www.gimsaber.edu.co\/en\/wp-content\/uploads\/2023\/07\/Agua.png\" class=\"card-img-top\" alt=\"...\">\r\n  <div class=\"card-body\">\r\n    <a href=\"#\" class=\"btn btn-primary btn-sm\">Visitar<\/a>\r\n  <\/div>\r\n<\/div>\t\t\t\t<\/div>\n\t\t\t\t<\/div>\n\t\t\t\t\t<\/div>\n\t\t<\/div>\n\t\t\t\t\t<\/div>\n\t\t<\/section>\n\t\t\t\t<\/div>\n\t\t","protected":false},"excerpt":{"rendered":"<p>El sistema de casas es una tradici\u00f3n de las escuelas brit\u00e1nicas. En el Gimnasio del Saber se establece para la mayor integraci\u00f3n de las familias, el liderazgo de estudiantes competitivos en todas las \u00e1reas del saber, el fortalecimiento de los valores, el trabajo en equipo, el sentido de pertenencia y la esencia primordial de sana [&hellip;]<\/p>\n","protected":false},"author":4,"featured_media":0,"parent":0,"menu_order":0,"comment_status":"closed","ping_status":"closed","template":"elementor_header_footer","meta":{"footnotes":""},"class_list":["post-3390","page","type-page","status-publish","hentry"],"_links":{"self":[{"href":"https:\/\/www.gimsaber.edu.co\/en\/wp-json\/wp\/v2\/pages\/3390","targetHints":{"allow":["GET"]}}],"collection":[{"href":"https:\/\/www.gimsaber.edu.co\/en\/wp-json\/wp\/v2\/pages"}],"about":[{"href":"https:\/\/www.gimsaber.edu.co\/en\/wp-json\/wp\/v2\/types\/page"}],"author":[{"embeddable":true,"href":"https:\/\/www.gimsaber.edu.co\/en\/wp-json\/wp\/v2\/users\/4"}],"replies":[{"embeddable":true,"href":"https:\/\/www.gimsaber.edu.co\/en\/wp-json\/wp\/v2\/comments?post=3390"}],"version-history":[{"count":427,"href":"https:\/\/www.gimsaber.edu.co\/en\/wp-json\/wp\/v2\/pages\/3390\/revisions"}],"predecessor-version":[{"id":14503,"href":"https:\/\/www.gimsaber.edu.co\/en\/wp-json\/wp\/v2\/pages\/3390\/revisions\/14503"}],"wp:attachment":[{"href":"https:\/\/www.gimsaber.edu.co\/en\/wp-json\/wp\/v2\/media?parent=3390"}],"curies":[{"name":"wp","href":"https:\/\/api.w.org\/{rel}","templated":true}]}}