{"id":94,"date":"2022-09-22T12:48:28","date_gmt":"2022-09-22T12:48:28","guid":{"rendered":"https:\/\/www.gimsaber.edu.co\/en\/?page_id=94"},"modified":"2024-12-17T09:17:16","modified_gmt":"2024-12-17T14:17:16","slug":"quienes-somos","status":"publish","type":"page","link":"https:\/\/www.gimsaber.edu.co\/en\/quienes-somos\/","title":{"rendered":"Nosotros"},"content":{"rendered":"\t\t<div data-elementor-type=\"wp-page\" data-elementor-id=\"94\" class=\"elementor elementor-94\">\n\t\t\t\t<div class=\"elementor-element elementor-element-6441f19 e-con-full e-flex e-con e-parent\" data-id=\"6441f19\" data-element_type=\"container\">\n\t\t\t\t<div class=\"elementor-element elementor-element-dfb366c elementor-widget__width-inherit elementor-widget elementor-widget-image\" data-id=\"dfb366c\" data-element_type=\"widget\" data-widget_type=\"image.default\">\n\t\t\t\t<div class=\"elementor-widget-container\">\n\t\t\t\t\t\t\t\t\t\t\t\t\t\t\t<img fetchpriority=\"high\" decoding=\"async\" width=\"1983\" height=\"923\" src=\"https:\/\/www.gimsaber.edu.co\/en\/wp-content\/uploads\/2024\/12\/Fachada_interna1-e1734443716516.jpg\" class=\"attachment-full size-full wp-image-14363\" alt=\"\" srcset=\"https:\/\/www.gimsaber.edu.co\/en\/wp-content\/uploads\/2024\/12\/Fachada_interna1-e1734443716516.jpg 1983w, https:\/\/www.gimsaber.edu.co\/en\/wp-content\/uploads\/2024\/12\/Fachada_interna1-e1734443716516-300x140.jpg 300w, https:\/\/www.gimsaber.edu.co\/en\/wp-content\/uploads\/2024\/12\/Fachada_interna1-e1734443716516-1024x477.jpg 1024w, https:\/\/www.gimsaber.edu.co\/en\/wp-content\/uploads\/2024\/12\/Fachada_interna1-e1734443716516-768x357.jpg 768w, https:\/\/www.gimsaber.edu.co\/en\/wp-content\/uploads\/2024\/12\/Fachada_interna1-e1734443716516-1536x715.jpg 1536w\" sizes=\"(max-width: 1983px) 100vw, 1983px\" \/>\t\t\t\t\t\t\t\t\t\t\t\t\t\t\t<\/div>\n\t\t\t\t<\/div>\n\t\t\t\t<\/div>\n\t\t\t\t<section class=\"elementor-section elementor-top-section elementor-element elementor-element-437c9e6 elementor-section-boxed elementor-section-height-default elementor-section-height-default\" data-id=\"437c9e6\" data-element_type=\"section\">\n\t\t\t\t\t\t<div class=\"elementor-container elementor-column-gap-default\">\n\t\t\t\t\t<div class=\"elementor-column elementor-col-100 elementor-top-column elementor-element elementor-element-cc028c1\" data-id=\"cc028c1\" data-element_type=\"column\">\n\t\t\t<div class=\"elementor-widget-wrap elementor-element-populated\">\n\t\t\t\t\t\t<div class=\"elementor-element elementor-element-2eb5cb7 elementor-widget elementor-widget-text-editor\" data-id=\"2eb5cb7\" data-element_type=\"widget\" data-widget_type=\"text-editor.default\">\n\t\t\t\t<div class=\"elementor-widget-container\">\n\t\t\t\t\t\t\t\t\t<p><span style=\"font-family: 'Source Sans Pro', system-ui, -apple-system, 'Segoe UI', Roboto, 'Helvetica Neue', Arial, 'Noto Sans', sans-serif, 'Apple Color Emoji', 'Segoe UI Emoji', 'Segoe UI Symbol', 'Noto Color Emoji'; text-align: justify;\">Es una alegr\u00eda inmensa saludarlos y darles la bienvenida a nuestra instituci\u00f3n que a lo largo de 60 a\u00f1os de labor ha mantenido el compromiso con la formaci\u00f3n de las nuevas generaciones. Nos complace compartir con ustedes nuevas experiencias y espacios de aprendizaje que nos permitir\u00e1n formar a los profesionales del futuro, responsables con el medio ambiente y encargados de transformar su entorno. Tenemos retos importantes que afrontar en el mundo actual y los enfrentaremos con empe\u00f1o para mantener el liderazgo en nuestros procesos acad\u00e9micos, sin dejar de lado los valores y el desarrollo de competencias art\u00edsticas, deportivas, tecnol\u00f3gicas y sociales de nuestros estudiantes, que son nuestra raz\u00f3n de ser.<\/span><\/p>\t\t\t\t\t\t\t\t<\/div>\n\t\t\t\t<\/div>\n\t\t\t\t\t<\/div>\n\t\t<\/div>\n\t\t\t\t\t<\/div>\n\t\t<\/section>\n\t\t\t\t<section class=\"elementor-section elementor-top-section elementor-element elementor-element-7b25ba1 elementor-section-boxed elementor-section-height-default elementor-section-height-default\" data-id=\"7b25ba1\" data-element_type=\"section\">\n\t\t\t\t\t\t<div class=\"elementor-container elementor-column-gap-default\">\n\t\t\t\t\t<div class=\"elementor-column elementor-col-33 elementor-top-column elementor-element elementor-element-9c36c59\" data-id=\"9c36c59\" data-element_type=\"column\">\n\t\t\t<div class=\"elementor-widget-wrap elementor-element-populated\">\n\t\t\t\t\t\t<div class=\"elementor-element elementor-element-4aa1e91 elementor-widget elementor-widget-html\" data-id=\"4aa1e91\" data-element_type=\"widget\" data-widget_type=\"html.default\">\n\t\t\t\t<div class=\"elementor-widget-container\">\n\t\t\t\t\t<div class=\"card\" style=\"width: 23rem;\">\r\n  <div class=\"card-body\">\r\n    <h5 class=\"card-title\"><\/h5>\r\n    <img decoding=\"async\" src=\"https:\/\/www.gimsaber.edu.co\/en\/wp-content\/uploads\/2024\/12\/BANNERS-23_Mesa-de-trabajo-1.jpg\" class=\"card-img-top\">\r\n    <p class=\"card-text\">\r\n    <\/p>\r\n    <a href=\"https:\/\/www.gimsaber.edu.co\/en\/filosofia\/\" class=\"btn btn-outline-primary btn-sm\">Ingresar<\/a>\r\n  <\/div>\r\n<\/div>\t\t\t\t<\/div>\n\t\t\t\t<\/div>\n\t\t\t\t\t<\/div>\n\t\t<\/div>\n\t\t\t\t<div class=\"elementor-column elementor-col-33 elementor-top-column elementor-element elementor-element-9108654\" data-id=\"9108654\" data-element_type=\"column\">\n\t\t\t<div class=\"elementor-widget-wrap elementor-element-populated\">\n\t\t\t\t\t\t<div class=\"elementor-element elementor-element-d182823 elementor-widget elementor-widget-html\" data-id=\"d182823\" data-element_type=\"widget\" data-widget_type=\"html.default\">\n\t\t\t\t<div class=\"elementor-widget-container\">\n\t\t\t\t\t<div class=\"card\" style=\"width: 23rem;\">\r\n  <div class=\"card-body\">\r\n    <h5 class=\"card-title\"><\/h5>\r\n    <img decoding=\"async\" src=\"https:\/\/www.gimsaber.edu.co\/en\/wp-content\/uploads\/2024\/12\/BANNERS-23-06.jpg\" class=\"card-img-top\">\r\n    <p class=\"card-text\">\r\n    <\/p>\r\n    <a href=\"https:\/\/www.gimsaber.edu.co\/en\/lideres\/\" class=\"btn btn-outline-primary btn-sm\">Ingresar<\/a>\r\n  <\/div>\r\n<\/div>\t\t\t\t<\/div>\n\t\t\t\t<\/div>\n\t\t\t\t\t<\/div>\n\t\t<\/div>\n\t\t\t\t<div class=\"elementor-column elementor-col-33 elementor-top-column elementor-element elementor-element-8c997ce\" data-id=\"8c997ce\" data-element_type=\"column\">\n\t\t\t<div class=\"elementor-widget-wrap elementor-element-populated\">\n\t\t\t\t\t\t<div class=\"elementor-element elementor-element-cf79b67 elementor-widget elementor-widget-html\" data-id=\"cf79b67\" data-element_type=\"widget\" data-widget_type=\"html.default\">\n\t\t\t\t<div class=\"elementor-widget-container\">\n\t\t\t\t\t<div class=\"card\" style=\"width: 23rem;\">\r\n  <div class=\"card-body\">\r\n    <h5 class=\"card-title\"><\/h5>\r\n    <img decoding=\"async\" src=\"https:\/\/www.gimsaber.edu.co\/en\/wp-content\/uploads\/2024\/12\/BANNERS-23-08.jpg\" class=\"card-img-top\">\r\n    <p class=\"card-text\">\r\n    <\/p>\r\n    <a href=\"https:\/\/www.gimsaber.edu.co\/en\/reconocimientos-de-calidad\/\" class=\"btn btn-outline-primary btn-sm\">Ingresar<\/a>\r\n  <\/div>\r\n<\/div>\t\t\t\t<\/div>\n\t\t\t\t<\/div>\n\t\t\t\t\t<\/div>\n\t\t<\/div>\n\t\t\t\t\t<\/div>\n\t\t<\/section>\n\t\t\t\t<section class=\"elementor-section elementor-top-section elementor-element elementor-element-3aa4d98 elementor-section-boxed elementor-section-height-default elementor-section-height-default\" data-id=\"3aa4d98\" data-element_type=\"section\">\n\t\t\t\t\t\t<div class=\"elementor-container elementor-column-gap-default\">\n\t\t\t\t\t<div class=\"elementor-column elementor-col-33 elementor-top-column elementor-element elementor-element-54fa582\" data-id=\"54fa582\" data-element_type=\"column\">\n\t\t\t<div class=\"elementor-widget-wrap elementor-element-populated\">\n\t\t\t\t\t\t<div class=\"elementor-element elementor-element-8aaa7dc elementor-widget elementor-widget-html\" data-id=\"8aaa7dc\" data-element_type=\"widget\" data-widget_type=\"html.default\">\n\t\t\t\t<div class=\"elementor-widget-container\">\n\t\t\t\t\t<div class=\"card\" style=\"width: 23rem;\">\r\n  <div class=\"card-body\">\r\n    <h5 class=\"card-title\"><\/h5>\r\n    <img decoding=\"async\" src=\"https:\/\/www.gimsaber.edu.co\/en\/wp-content\/uploads\/2024\/12\/BANNERS-23-11.jpg\">\r\n    <p class=\"card-text\">\r\n    <\/p>\r\n    <a href=\"https:\/\/www.gimsaber.edu.co\/en\/campus\/\" class=\"btn btn-outline-primary btn-sm\">Ingresar<\/a>\r\n  <\/div>\r\n<\/div>\t\t\t\t<\/div>\n\t\t\t\t<\/div>\n\t\t\t\t\t<\/div>\n\t\t<\/div>\n\t\t\t\t<div class=\"elementor-column elementor-col-33 elementor-top-column elementor-element elementor-element-6ba65f3\" data-id=\"6ba65f3\" data-element_type=\"column\">\n\t\t\t<div class=\"elementor-widget-wrap elementor-element-populated\">\n\t\t\t\t\t\t<div class=\"elementor-element elementor-element-563dd88 elementor-widget elementor-widget-html\" data-id=\"563dd88\" data-element_type=\"widget\" data-widget_type=\"html.default\">\n\t\t\t\t<div class=\"elementor-widget-container\">\n\t\t\t\t\t<div class=\"card\" style=\"width: 23rem;\">\r\n  <div class=\"card-body\">\r\n    <h5 class=\"card-title\"><\/h5>\r\n    <img decoding=\"async\" src=\"https:\/\/www.gimsaber.edu.co\/en\/wp-content\/uploads\/2024\/12\/BANNERS-23-12.jpg\" class=\"card-img-top\">\r\n    <p class=\"card-text\">\r\n    <\/p>\r\n    <a href=\"https:\/\/www.gimsaber.edu.co\/en\/exalumnos\/\" class=\"btn btn-outline-primary btn-sm\">Ingresar<\/a>\r\n  <\/div>\r\n<\/div>\t\t\t\t<\/div>\n\t\t\t\t<\/div>\n\t\t\t\t\t<\/div>\n\t\t<\/div>\n\t\t\t\t<div class=\"elementor-column elementor-col-33 elementor-top-column elementor-element elementor-element-1fdde76\" data-id=\"1fdde76\" data-element_type=\"column\">\n\t\t\t<div class=\"elementor-widget-wrap elementor-element-populated\">\n\t\t\t\t\t\t<div class=\"elementor-element elementor-element-063d154 elementor-widget elementor-widget-html\" data-id=\"063d154\" data-element_type=\"widget\" data-widget_type=\"html.default\">\n\t\t\t\t<div class=\"elementor-widget-container\">\n\t\t\t\t\t<div class=\"card\" style=\"width: 23rem;\">\r\n  <div class=\"card-body\">\r\n    <h5 class=\"card-title\"><\/h5>\r\n    <img decoding=\"async\" src=\"https:\/\/www.gimsaber.edu.co\/en\/wp-content\/uploads\/2024\/12\/BANNERS-23-13.jpg\" class=\"card-img-top\">\r\n    <p class=\"card-text\">\r\n    <\/p>\r\n    <a href=\"https:\/\/www.gimsaber.edu.co\/en\/asopadres\/\" class=\"btn btn-outline-primary btn-sm\">Ingresar<\/a>\r\n  <\/div>\r\n<\/div>\t\t\t\t<\/div>\n\t\t\t\t<\/div>\n\t\t\t\t\t<\/div>\n\t\t<\/div>\n\t\t\t\t\t<\/div>\n\t\t<\/section>\n\t\t\t\t<section class=\"elementor-section elementor-top-section elementor-element elementor-element-1a6ff3d elementor-section-boxed elementor-section-height-default elementor-section-height-default\" data-id=\"1a6ff3d\" data-element_type=\"section\">\n\t\t\t\t\t\t<div class=\"elementor-container elementor-column-gap-default\">\n\t\t\t\t\t<div class=\"elementor-column elementor-col-50 elementor-top-column elementor-element elementor-element-8ee5773\" data-id=\"8ee5773\" data-element_type=\"column\">\n\t\t\t<div class=\"elementor-widget-wrap elementor-element-populated\">\n\t\t\t\t\t\t<div class=\"elementor-element elementor-element-e49187b elementor-widget elementor-widget-html\" data-id=\"e49187b\" data-element_type=\"widget\" data-widget_type=\"html.default\">\n\t\t\t\t<div class=\"elementor-widget-container\">\n\t\t\t\t\t<div class=\"card\" style=\"width: 35rem;\">\r\n  <div class=\"card-body\">\r\n    <h5 class=\"card-title\"><\/h5>\r\n    <img decoding=\"async\" src=\"https:\/\/www.gimsaber.edu.co\/en\/wp-content\/uploads\/2024\/12\/BANNERS-23-14.jpg\" class=\"card-img-top\">\r\n    <p class=\"card-text\">\r\n    <\/p>\r\n    <a href=\"https:\/\/www.gimsaber.edu.co\/en\/servicios\/\" class=\"btn btn-outline-primary btn-sm\">Ingresar<\/a>\r\n  <\/div>\r\n<\/div>\t\t\t\t<\/div>\n\t\t\t\t<\/div>\n\t\t\t\t\t<\/div>\n\t\t<\/div>\n\t\t\t\t<div class=\"elementor-column elementor-col-50 elementor-top-column elementor-element elementor-element-3bef470\" data-id=\"3bef470\" data-element_type=\"column\">\n\t\t\t<div class=\"elementor-widget-wrap elementor-element-populated\">\n\t\t\t\t\t\t<div class=\"elementor-element elementor-element-fc07e45 elementor-widget elementor-widget-html\" data-id=\"fc07e45\" data-element_type=\"widget\" data-widget_type=\"html.default\">\n\t\t\t\t<div class=\"elementor-widget-container\">\n\t\t\t\t\t<div class=\"card\" style=\"width: 35rem;\">\r\n  <div class=\"card-body\">\r\n    <h5 class=\"card-title\"><\/h5>\r\n    <img decoding=\"async\" src=\"https:\/\/www.gimsaber.edu.co\/en\/wp-content\/uploads\/2024\/12\/BANNERS-23-15.jpg\" class=\"card-img-top\">\r\n    <p class=\"card-text\">\r\n    <\/p>\r\n    <a href=\"https:\/\/www.gimsaber.edu.co\/en\/cadena-de-valor\/\" class=\"btn btn-outline-primary btn-sm\">Ingresar<\/a>\r\n  <\/div>\r\n<\/div>\t\t\t\t<\/div>\n\t\t\t\t<\/div>\n\t\t\t\t\t<\/div>\n\t\t<\/div>\n\t\t\t\t\t<\/div>\n\t\t<\/section>\n\t\t\t\t<\/div>\n\t\t","protected":false},"excerpt":{"rendered":"<p>Es una alegr\u00eda inmensa saludarlos y darles la bienvenida a nuestra instituci\u00f3n que a lo largo de 60 a\u00f1os de labor ha mantenido el compromiso con la formaci\u00f3n de las nuevas generaciones. Nos complace compartir con ustedes nuevas experiencias y espacios de aprendizaje que nos permitir\u00e1n formar a los profesionales del futuro, responsables con el [&hellip;]<\/p>\n","protected":false},"author":4,"featured_media":0,"parent":0,"menu_order":0,"comment_status":"closed","ping_status":"closed","template":"elementor_header_footer","meta":{"footnotes":""},"class_list":["post-94","page","type-page","status-publish","hentry"],"_links":{"self":[{"href":"https:\/\/www.gimsaber.edu.co\/en\/wp-json\/wp\/v2\/pages\/94","targetHints":{"allow":["GET"]}}],"collection":[{"href":"https:\/\/www.gimsaber.edu.co\/en\/wp-json\/wp\/v2\/pages"}],"about":[{"href":"https:\/\/www.gimsaber.edu.co\/en\/wp-json\/wp\/v2\/types\/page"}],"author":[{"embeddable":true,"href":"https:\/\/www.gimsaber.edu.co\/en\/wp-json\/wp\/v2\/users\/4"}],"replies":[{"embeddable":true,"href":"https:\/\/www.gimsaber.edu.co\/en\/wp-json\/wp\/v2\/comments?post=94"}],"version-history":[{"count":235,"href":"https:\/\/www.gimsaber.edu.co\/en\/wp-json\/wp\/v2\/pages\/94\/revisions"}],"predecessor-version":[{"id":14385,"href":"https:\/\/www.gimsaber.edu.co\/en\/wp-json\/wp\/v2\/pages\/94\/revisions\/14385"}],"wp:attachment":[{"href":"https:\/\/www.gimsaber.edu.co\/en\/wp-json\/wp\/v2\/media?parent=94"}],"curies":[{"name":"wp","href":"https:\/\/api.w.org\/{rel}","templated":true}]}}