{"id":95,"date":"2022-09-22T12:48:28","date_gmt":"2022-09-22T12:48:28","guid":{"rendered":"https:\/\/www.gimsaber.edu.co\/en\/?page_id=95"},"modified":"2024-12-17T09:15:45","modified_gmt":"2024-12-17T14:15:45","slug":"academico","status":"publish","type":"page","link":"https:\/\/www.gimsaber.edu.co\/en\/academico\/","title":{"rendered":"Academia"},"content":{"rendered":"\t\t<div data-elementor-type=\"wp-page\" data-elementor-id=\"95\" class=\"elementor elementor-95\">\n\t\t\t\t<div class=\"elementor-element elementor-element-9131292 e-flex e-con-boxed e-con e-parent\" data-id=\"9131292\" data-element_type=\"container\">\n\t\t\t\t\t<div class=\"e-con-inner\">\n\t\t\t\t<div class=\"elementor-element elementor-element-facf4ab elementor-widget__width-inherit elementor-widget elementor-widget-image\" data-id=\"facf4ab\" data-element_type=\"widget\" data-widget_type=\"image.default\">\n\t\t\t\t<div class=\"elementor-widget-container\">\n\t\t\t\t\t\t\t\t\t\t\t\t\t\t\t<img decoding=\"async\" src=\"https:\/\/www.gimsaber.edu.co\/en\/wp-content\/uploads\/2024\/12\/Academia.jpg\" title=\"\" alt=\"\" loading=\"lazy\" \/>\t\t\t\t\t\t\t\t\t\t\t\t\t\t\t<\/div>\n\t\t\t\t<\/div>\n\t\t\t\t\t<\/div>\n\t\t\t\t<\/div>\n\t\t<div class=\"elementor-element elementor-element-cac57d4 e-flex e-con-boxed e-con e-parent\" data-id=\"cac57d4\" data-element_type=\"container\">\n\t\t\t\t\t<div class=\"e-con-inner\">\n\t\t\t\t<div class=\"elementor-element elementor-element-831e687 elementor-widget elementor-widget-text-editor\" data-id=\"831e687\" data-element_type=\"widget\" data-widget_type=\"text-editor.default\">\n\t\t\t\t<div class=\"elementor-widget-container\">\n\t\t\t\t\t\t\t\t\t\n<div class=\"row row-cols-1 row-cols-md-3 g-4\">\n<div class=\"col\">\n<div class=\"card h-100\"><img decoding=\"async\" class=\"card-img-top\" src=\"https:\/\/www.gimsaber.edu.co\/en\/wp-content\/uploads\/2022\/09\/IMG_20220617_084259.png\" alt=\"...\" \/>\n<div class=\"card-body\">\n<h5>\u00a0<\/h5>\n<h5 class=\"card-title\">Niveles Acad\u00e9micos<\/h5>\n<p class=\"card-text\">Somos Nuestra instituci\u00f3n ofrece todos los niveles de la educaci\u00f3n formal: Nivel Pre escolar, Nivel B\u00e1sica (primaria y secundaria) y Nivel Media, que cursados y aprobados &#8230;<\/p>\n<a class=\"btn btn-outline-primary\" role=\"button\" href=\"https:\/\/www.gimsaber.edu.co\/en\/niveles-academicos\/\" type=\"button\">Conoce Mas!<\/a><\/div>\n<div class=\"card-footer\"><small class=\"text-muted\">Last updated 3 mins ago<\/small><\/div>\n<\/div>\n<\/div>\n<div class=\"col\">\n<div class=\"card h-100\"><img decoding=\"async\" class=\"card-img-top\" src=\"https:\/\/www.gimsaber.edu.co\/en\/wp-content\/uploads\/2022\/09\/IMG_20220616_084037.png\" alt=\"...\" \/>\n<div class=\"card-body\">\n<h5>\u00a0<\/h5>\n<h5 class=\"card-title\">Programas Acad\u00e9micos<\/h5>\n<p class=\"card-text\">El Gimsaber, ha fortalecido su proceso de ense\u00f1anza aprendizaje a trav\u00e9s de la implementaci\u00f3n de nuevos programas, la incorporaci\u00f3n de las (TIC)&#8230;<\/p>\n<a class=\"btn btn-outline-primary\" role=\"button\" href=\"https:\/\/www.gimsaber.edu.co\/en\/programas-academicos\/\" type=\"button\">Conoce Mas!<\/a><\/div>\n<div class=\"card-footer\"><small class=\"text-muted\">Last updated 3 mins ago<\/small><\/div>\n<\/div>\n<\/div>\n<div class=\"col\">\n<div class=\"card h-100\"><img decoding=\"async\" src=\"https:\/\/www.gimsaber.edu.co\/en\/wp-content\/uploads\/2022\/09\/IMG_20220617_083027.png\" alt=\"...\" \/>\n<div class=\"card-body\">\n<h5>\u00a0<\/h5>\n<h5 class=\"card-title\">Live Bienestar<\/h5>\n<p class=\"card-text\">Bienestar Estudiantil es el \u00e1rea encargada de garantizar que la poblaci\u00f3n estudiantil se encuentre en condiciones optimas para recibir una adecuada formaci\u00f3n y educaci\u00f3n&#8230;<\/p>\n<a class=\"btn btn-outline-primary\" role=\"button\" href=\"https:\/\/www.gimsaber.edu.co\/en\/live-bienestar\/\" type=\"button\">Conoce Mas!<\/a><\/div>\n<div class=\"card-footer\"><small class=\"text-muted\">Last updated 3 mins ago<\/small><\/div>\n<\/div>\n<\/div>\n<\/div>\n\n<div class=\"wp-block-spacer\" style=\"height: 25px;\" aria-hidden=\"true\">\u00a0<\/div>\n\n<div class=\"card mb-3\" style=\"max-width: 1000px;\">\n<div class=\"row g-0\">\n<div class=\"col-md-4\"><img decoding=\"async\" src=\"https:\/\/www.gimsaber.edu.co\/en\/wp-content\/uploads\/2022\/10\/calendario-3.png\" alt=\"...\" \/><\/div>\n<div class=\"col-md-8\">\n<div class=\"card-body\">\n<h5>\u00a0<\/h5>\n<h5 class=\"card-title\">Calendario Acad\u00e9mico y Horario Estudiantil<\/h5>\n<p class=\"card-text\">Conoce el calendario academico y los horarios de cada uno de los grados del presente a\u00f1o<\/p>\n<a class=\"btn btn-outline-primary\" role=\"button\" href=\"https:\/\/www.gimsaber.edu.co\/en\/calendario-academico-y-horario-estudiantil\/\" type=\"button\">Ingresar<\/a><\/div>\n<\/div>\n<\/div>\n<\/div>\n\t\t\t\t\t\t\t\t<\/div>\n\t\t\t\t<\/div>\n\t\t\t\t\t<\/div>\n\t\t\t\t<\/div>\n\t\t\t\t<\/div>\n\t\t","protected":false},"excerpt":{"rendered":"<p>\u00a0 Niveles Acad\u00e9micos Somos Nuestra instituci\u00f3n ofrece todos los niveles de la educaci\u00f3n formal: Nivel Pre escolar, Nivel B\u00e1sica (primaria y secundaria) y Nivel Media, que cursados y aprobados &#8230; Conoce Mas! Last updated 3 mins ago \u00a0 Programas Acad\u00e9micos El Gimsaber, ha fortalecido su proceso de ense\u00f1anza aprendizaje a trav\u00e9s de la implementaci\u00f3n de [&hellip;]<\/p>\n","protected":false},"author":4,"featured_media":0,"parent":0,"menu_order":0,"comment_status":"closed","ping_status":"closed","template":"elementor_header_footer","meta":{"footnotes":""},"class_list":["post-95","page","type-page","status-publish","hentry"],"_links":{"self":[{"href":"https:\/\/www.gimsaber.edu.co\/en\/wp-json\/wp\/v2\/pages\/95","targetHints":{"allow":["GET"]}}],"collection":[{"href":"https:\/\/www.gimsaber.edu.co\/en\/wp-json\/wp\/v2\/pages"}],"about":[{"href":"https:\/\/www.gimsaber.edu.co\/en\/wp-json\/wp\/v2\/types\/page"}],"author":[{"embeddable":true,"href":"https:\/\/www.gimsaber.edu.co\/en\/wp-json\/wp\/v2\/users\/4"}],"replies":[{"embeddable":true,"href":"https:\/\/www.gimsaber.edu.co\/en\/wp-json\/wp\/v2\/comments?post=95"}],"version-history":[{"count":27,"href":"https:\/\/www.gimsaber.edu.co\/en\/wp-json\/wp\/v2\/pages\/95\/revisions"}],"predecessor-version":[{"id":14382,"href":"https:\/\/www.gimsaber.edu.co\/en\/wp-json\/wp\/v2\/pages\/95\/revisions\/14382"}],"wp:attachment":[{"href":"https:\/\/www.gimsaber.edu.co\/en\/wp-json\/wp\/v2\/media?parent=95"}],"curies":[{"name":"wp","href":"https:\/\/api.w.org\/{rel}","templated":true}]}}